{"id":762,"date":"2026-03-19T13:48:52","date_gmt":"2026-03-19T17:48:52","guid":{"rendered":"https:\/\/www.enseicom.com\/a-propos\/"},"modified":"2026-05-01T10:16:50","modified_gmt":"2026-05-01T14:16:50","slug":"a-propos","status":"publish","type":"page","link":"https:\/\/www.enseicom.com\/fr\/a-propos\/","title":{"rendered":"\u00c0 propos"},"content":{"rendered":"<p>[et_pb_section fb_built=\u00a0\u00bb1&Prime; fullwidth=\u00a0\u00bbon\u00a0\u00bb module_class=\u00a0\u00bbpro-page-header\u00a0\u00bb _builder_version=\u00a0\u00bb4.27.4&Prime; _module_preset=\u00a0\u00bbdefault\u00a0\u00bb global_colors_info=\u00a0\u00bb{}\u00a0\u00bb][et_pb_fullwidth_post_title meta=\u00a0\u00bboff\u00a0\u00bb featured_placement=\u00a0\u00bbbackground\u00a0\u00bb _builder_version=\u00a0\u00bb4.27.6&Prime; _module_preset=\u00a0\u00bbdefault\u00a0\u00bb min_height=\u00a0\u00bb40vh\u00a0\u00bb global_colors_info=\u00a0\u00bb{}\u00a0\u00bb][\/et_pb_fullwidth_post_title][\/et_pb_section][et_pb_section fb_built=\u00a0\u00bb1&Prime; _builder_version=\u00a0\u00bb4.27.6&Prime; _module_preset=\u00a0\u00bbdefault\u00a0\u00bb global_colors_info=\u00a0\u00bb{}\u00a0\u00bb][et_pb_row _builder_version=\u00a0\u00bb4.27.6&Prime; _module_preset=\u00a0\u00bbdefault\u00a0\u00bb global_colors_info=\u00a0\u00bb{}\u00a0\u00bb][et_pb_column type=\u00a0\u00bb4_4&Prime; _builder_version=\u00a0\u00bb4.27.6&Prime; _module_preset=\u00a0\u00bbdefault\u00a0\u00bb global_colors_info=\u00a0\u00bb{}\u00a0\u00bb][et_pb_text _builder_version=\u00a0\u00bb4.27.6&Prime; _module_preset=\u00a0\u00bbdefault\u00a0\u00bb custom_padding=\u00a0\u00bb|40px|||false|false\u00a0\u00bb global_colors_info=\u00a0\u00bb{}\u00a0\u00bb]<\/p>\n<p>Fond\u00e9e en 1982, Enseicom est reconnue comme l&rsquo;un des principaux fabricants nord-am\u00e9ricains de mobilier urbain, de panneaux d&rsquo;affichage, de signal\u00e9tique et de structures publicitaires. Soutenus par une \u00e9quipe interne compl\u00e8te de graphistes et d&rsquo;ing\u00e9nieurs, nous concevons et d\u00e9veloppons des produits de haute qualit\u00e9, durables et faciles d&rsquo;entretien, le tout avec une esth\u00e9tique moderne et fonctionnelle.<\/p>\n<p>Notre portefeuille comprend des abribus et des installations de transport rapide, des cabines de stationnement, des bancs, des conteneurs \u00e0 d\u00e9chets, des supports \u00e0 v\u00e9los, des distributeurs de journaux, des panneaux d&rsquo;affichage, des colonnes publicitaires au niveau de la rue, des enseignes de cin\u00e9mas et de casinos, et bien plus encore. Avec plus de 100 000 pieds carr\u00e9s. Avec une capacit\u00e9 de production et d&rsquo;entreposage de plusieurs pieds carr\u00e9s \u00e0 seulement 10 minutes du centre-ville de Montr\u00e9al, nous sommes \u00e9quip\u00e9s pour g\u00e9rer des projets de toutes tailles en Am\u00e9rique du Nord et dans les Cara\u00efbes.<\/p>\n<p>Nous sommes fiers d&rsquo;avoir re\u00e7u de nombreux prix de l&rsquo;industrie, qui t\u00e9moignent du talent et du d\u00e9vouement de notre \u00e9quipe. Pour en savoir plus ou pour contacter un repr\u00e9sentant commercial, veuillez contacter notre si\u00e8ge social.<\/p>\n<p>[\/et_pb_text][\/et_pb_column][\/et_pb_row][et_pb_row column_structure=\u00a0\u00bb1_3,1_3,1_3&Prime; use_custom_gutter=\u00a0\u00bbon\u00a0\u00bb gutter_width=\u00a0\u00bb1&Prime; make_equal=\u00a0\u00bbon\u00a0\u00bb _builder_version=\u00a0\u00bb4.27.6&Prime; _module_preset=\u00a0\u00bbdefault\u00a0\u00bb global_colors_info=\u00a0\u00bb{}\u00a0\u00bb][et_pb_column type=\u00a0\u00bb1_3&Prime; _builder_version=\u00a0\u00bb4.27.6&Prime; _module_preset=\u00a0\u00bbdefault\u00a0\u00bb background_color=\u00a0\u00bb#e4e4e4&Prime; global_colors_info=\u00a0\u00bb{}\u00a0\u00bb][et_pb_text admin_label=\u00a0\u00bbH2 &#8211; What we do\u00a0\u00bb module_class=\u00a0\u00bbpro-header-with-background\u00a0\u00bb _builder_version=\u00a0\u00bb4.27.6&Prime; _module_preset=\u00a0\u00bbdefault\u00a0\u00bb background_enable_color=\u00a0\u00bboff\u00a0\u00bb background_layout=\u00a0\u00bbdark\u00a0\u00bb global_colors_info=\u00a0\u00bb{}\u00a0\u00bb]<\/p>\n<h2>Ce que nous faisons<\/h2>\n<p>[\/et_pb_text][et_pb_text admin_label=\u00a0\u00bbTxt &#8211; List Left\u00a0\u00bb _builder_version=\u00a0\u00bb4.27.6&Prime; _module_preset=\u00a0\u00bbdefault\u00a0\u00bb custom_padding=\u00a0\u00bb25px|25px|25px|25px|true|true\u00a0\u00bb custom_padding_tablet=\u00a0\u00bb||0px||false|true\u00a0\u00bb custom_padding_phone=\u00a0\u00bb||0px||false|true\u00a0\u00bb custom_padding_last_edited=\u00a0\u00bbon|tablet\u00a0\u00bb global_colors_info=\u00a0\u00bb{}\u00a0\u00bb]<\/p>\n<p>Conception, ing\u00e9nierie et fabrication en interne<\/p>\n<p>Plans techniques estampill\u00e9s<\/p>\n<p>Conforme \u00e0 l&rsquo;ADA<\/p>\n<p>Installation compl\u00e8te<\/p>\n<p>Services partout en Am\u00e9rique du Nord<\/p>\n<p>et les Cara\u00efbes<\/p>\n<p>Abribus<\/p>\n<p>Abri de transit rapide<\/p>\n<p>Abris pour fumeurs<\/p>\n<p>Int\u00e9gration du syst\u00e8me GPS<\/p>\n<p>\u00c9crans \u00e9lectroniques interactifs<\/p>\n<p>\u00c9clairage LED<\/p>\n<p>[\/et_pb_text][\/et_pb_column][et_pb_column type=\u00a0\u00bb1_3&Prime; _builder_version=\u00a0\u00bb4.27.6&Prime; _module_preset=\u00a0\u00bbdefault\u00a0\u00bb global_colors_info=\u00a0\u00bb{}\u00a0\u00bb][et_pb_text disabled_on=\u00a0\u00bbon|on|off\u00a0\u00bb admin_label=\u00a0\u00bbH2 &#8211; What we do\u00a0\u00bb module_class=\u00a0\u00bbpro-header-with-background\u00a0\u00bb _builder_version=\u00a0\u00bb4.27.6&Prime; _module_preset=\u00a0\u00bbdefault\u00a0\u00bb background_color=\u00a0\u00bb#e4e4e4&Prime; background_layout=\u00a0\u00bbdark\u00a0\u00bb global_colors_info=\u00a0\u00bb{}\u00a0\u00bb]<\/p>\n<h2 style=\"visibility:hidden;\">Ce que nous faisons<\/h2>\n<p>[\/et_pb_text][et_pb_text admin_label=\u00a0\u00bbTxt : List Right\u00a0\u00bb _builder_version=\u00a0\u00bb4.27.6&Prime; _module_preset=\u00a0\u00bbdefault\u00a0\u00bb background_color=\u00a0\u00bb#e4e4e4&Prime; custom_padding=\u00a0\u00bb25px|25px|25px|25px|false|true\u00a0\u00bb global_colors_info=\u00a0\u00bb{}\u00a0\u00bb]<\/p>\n<p>Certifi\u00e9 UL \/ CSA \/ CWB<\/p>\n<p>Portes automatis\u00e9es<\/p>\n<p>Chauffage radiant<\/p>\n<p>Climatisation<\/p>\n<p>Solutions aliment\u00e9es par l&rsquo;\u00e9nergie solaire et \u00e9olienne<\/p>\n<p>Bancs<\/p>\n<p>Bo\u00eetes \u00e0 journaux<\/p>\n<p>Conteneurs \u00e0 d\u00e9chets<\/p>\n<p>Supports \u00e0 v\u00e9los<\/p>\n<p>Marquises<\/p>\n<p>Panneaux d\u2019affichage<\/p>\n<p>Colonnes publicitaires<\/p>\n<p>Cabines de stationnement<\/p>\n<p>[\/et_pb_text][\/et_pb_column][et_pb_column type=\u00a0\u00bb1_3&Prime; _builder_version=\u00a0\u00bb4.27.6&Prime; _module_preset=\u00a0\u00bbdefault\u00a0\u00bb background_image=\u00a0\u00bbhttps:\/\/www.enseicom.com\/wp-content\/uploads\/2026\/03\/about-us-welder.jpg\u00a0\u00bb global_colors_info=\u00a0\u00bb{}\u00a0\u00bb][\/et_pb_column][\/et_pb_row][\/et_pb_section][et_pb_section fb_built=\u00a0\u00bb1&Prime; admin_label=\u00a0\u00bbSection &#8211; Footer\u00a0\u00bb _builder_version=\u00a0\u00bb4.27.4&Prime; _module_preset=\u00a0\u00bbdefault\u00a0\u00bb background_color=\u00a0\u00bb#474747&Prime; custom_padding=\u00a0\u00bb0px||0px||true|false\u00a0\u00bb global_module=\u00a0\u00bb237&Prime; saved_tabs=\u00a0\u00bball\u00a0\u00bb global_colors_info=\u00a0\u00bb{}\u00a0\u00bb][et_pb_row column_structure=\u00a0\u00bb1_4,3_4&Prime; _builder_version=\u00a0\u00bb4.27.4&Prime; _module_preset=\u00a0\u00bbdefault\u00a0\u00bb global_colors_info=\u00a0\u00bb{}\u00a0\u00bb][et_pb_column type=\u00a0\u00bb1_4&Prime; _builder_version=\u00a0\u00bb4.27.4&Prime; _module_preset=\u00a0\u00bbdefault\u00a0\u00bb global_colors_info=\u00a0\u00bb{}\u00a0\u00bb][et_pb_image src=\u00a0\u00bbhttps:\/\/www.enseicom.com\/wp-content\/uploads\/2026\/03\/logo_white-cropped.svg\u00a0\u00bb title_text=\u00a0\u00bblogo_white-cropped\u00a0\u00bb admin_label=\u00a0\u00bbLogo\u00a0\u00bb _builder_version=\u00a0\u00bb4.27.4&Prime; _module_preset=\u00a0\u00bbdefault\u00a0\u00bb global_colors_info=\u00a0\u00bb{}\u00a0\u00bb][\/et_pb_image][et_pb_text admin_label=\u00a0\u00bbAddress\u00a0\u00bb _builder_version=\u00a0\u00bb4.27.4&Prime; _module_preset=\u00a0\u00bbdefault\u00a0\u00bb background_layout=\u00a0\u00bbdark\u00a0\u00bb global_colors_info=\u00a0\u00bb{}\u00a0\u00bb]225 Rue Norman<br \/>Montr\u00e9al, QC, Canada<br \/>H8R 1A3[\/et_pb_text][\/et_pb_column][et_pb_column type=\u00a0\u00bb3_4&Prime; _builder_version=\u00a0\u00bb4.27.4&Prime; _module_preset=\u00a0\u00bbdefault\u00a0\u00bb global_colors_info=\u00a0\u00bb{}\u00a0\u00bb][et_pb_text admin_label=\u00a0\u00bbPhone and email\u00a0\u00bb _builder_version=\u00a0\u00bb4.27.4&Prime; _module_preset=\u00a0\u00bbdefault\u00a0\u00bb background_layout=\u00a0\u00bbdark\u00a0\u00bb global_colors_info=\u00a0\u00bb{}\u00a0\u00bb]Sans frais : 800 663-067<br \/>T\u00e9l\u00e9phone : +1 514 486-2626<br \/>info@enseicom.com[\/et_pb_text][et_pb_divider color=\u00a0\u00bb#FFFFFF\u00a0\u00bb admin_label=\u00a0\u00bbDivider\u00a0\u00bb _builder_version=\u00a0\u00bb4.27.4&Prime; _module_preset=\u00a0\u00bbdefault\u00a0\u00bb height=\u00a0\u00bb1px\u00a0\u00bb global_colors_info=\u00a0\u00bb{}\u00a0\u00bb][\/et_pb_divider][et_pb_text admin_label=\u00a0\u00bbCopyright\u00a0\u00bb _builder_version=\u00a0\u00bb4.27.4&Prime; _module_preset=\u00a0\u00bbdefault\u00a0\u00bb text_font_size=\u00a0\u00bb12px\u00a0\u00bb background_layout=\u00a0\u00bbdark\u00a0\u00bb global_colors_info=\u00a0\u00bb{}\u00a0\u00bb]\u00a9 enseicom Inc. Tous droits r\u00e9serv\u00e9s | Politique de confidentialit\u00e9[\/et_pb_text][\/et_pb_column][\/et_pb_row][\/et_pb_section]<\/p>\n","protected":false},"excerpt":{"rendered":"<p>Fond\u00e9e en 1982, Enseicom est reconnue comme l&rsquo;un des principaux fabricants nord-am\u00e9ricains de mobilier urbain, de panneaux d&rsquo;affichage, de signal\u00e9tique et de structures publicitaires. Soutenus par une \u00e9quipe interne compl\u00e8te de graphistes et d&rsquo;ing\u00e9nieurs, nous concevons et d\u00e9veloppons des produits de haute qualit\u00e9, durables et faciles d&rsquo;entretien, le tout avec une esth\u00e9tique moderne et fonctionnelle. Notre portefeuille comprend des abribus et des installations de transport rapide, des cabines de stationnement, des bancs, des conteneurs \u00e0 d\u00e9chets, des supports \u00e0 v\u00e9los, des distributeurs de journaux, des panneaux d&rsquo;affichage, des colonnes publicitaires au niveau de la rue, des enseignes de cin\u00e9mas et de casinos, et bien plus encore. Avec plus de 100 000 pieds carr\u00e9s. Avec une capacit\u00e9 de production et d&rsquo;entreposage de plusieurs pieds carr\u00e9s \u00e0 seulement 10 minutes du centre-ville de Montr\u00e9al, nous sommes \u00e9quip\u00e9s pour g\u00e9rer des projets de toutes tailles en Am\u00e9rique du Nord et dans les Cara\u00efbes. Nous sommes fiers d&rsquo;avoir re\u00e7u de nombreux prix de l&rsquo;industrie, qui t\u00e9moignent du talent et du d\u00e9vouement de notre \u00e9quipe. Pour en savoir plus ou pour contacter un repr\u00e9sentant commercial, veuillez contacter notre si\u00e8ge social.Ce que nous faisonsConception, ing\u00e9nierie et fabrication en interne Plans techniques estampill\u00e9s Conforme \u00e0 l&rsquo;ADA Installation [&hellip;]<\/p>\n","protected":false},"author":1,"featured_media":989,"parent":0,"menu_order":0,"comment_status":"closed","ping_status":"closed","template":"","meta":{"_et_pb_use_builder":"on","_et_pb_old_content":"","_et_gb_content_width":"","footnotes":""},"class_list":["post-762","page","type-page","status-publish","has-post-thumbnail","hentry"],"yoast_head":"<!-- This site is optimized with the Yoast SEO plugin v27.5 - https:\/\/yoast.com\/product\/yoast-seo-wordpress\/ -->\n<title>\u00c0 propos - Enseicom<\/title>\n<meta name=\"robots\" content=\"index, follow, max-snippet:-1, max-image-preview:large, max-video-preview:-1\" \/>\n<link rel=\"canonical\" href=\"https:\/\/www.enseicom.com\/fr\/a-propos\/\" \/>\n<meta property=\"og:locale\" content=\"fr_CA\" \/>\n<meta property=\"og:type\" content=\"article\" \/>\n<meta property=\"og:title\" content=\"\u00c0 propos - Enseicom\" \/>\n<meta property=\"og:description\" content=\"Fond\u00e9e en 1982, Enseicom est reconnue comme l&#039;un des principaux fabricants nord-am\u00e9ricains de mobilier urbain, de panneaux d&#039;affichage, de signal\u00e9tique et de structures publicitaires. Soutenus par une \u00e9quipe interne compl\u00e8te de graphistes et d&#039;ing\u00e9nieurs, nous concevons et d\u00e9veloppons des produits de haute qualit\u00e9, durables et faciles d&#039;entretien, le tout avec une esth\u00e9tique moderne et fonctionnelle. Notre portefeuille comprend des abribus et des installations de transport rapide, des cabines de stationnement, des bancs, des conteneurs \u00e0 d\u00e9chets, des supports \u00e0 v\u00e9los, des distributeurs de journaux, des panneaux d&#039;affichage, des colonnes publicitaires au niveau de la rue, des enseignes de cin\u00e9mas et de casinos, et bien plus encore. Avec plus de 100 000 pieds carr\u00e9s. Avec une capacit\u00e9 de production et d&#039;entreposage de plusieurs pieds carr\u00e9s \u00e0 seulement 10 minutes du centre-ville de Montr\u00e9al, nous sommes \u00e9quip\u00e9s pour g\u00e9rer des projets de toutes tailles en Am\u00e9rique du Nord et dans les Cara\u00efbes. Nous sommes fiers d&#039;avoir re\u00e7u de nombreux prix de l&#039;industrie, qui t\u00e9moignent du talent et du d\u00e9vouement de notre \u00e9quipe. Pour en savoir plus ou pour contacter un repr\u00e9sentant commercial, veuillez contacter notre si\u00e8ge social.Ce que nous faisonsConception, ing\u00e9nierie et fabrication en interne Plans techniques estampill\u00e9s Conforme \u00e0 l&#039;ADA Installation [&hellip;]\" \/>\n<meta property=\"og:url\" content=\"https:\/\/www.enseicom.com\/fr\/a-propos\/\" \/>\n<meta property=\"og:site_name\" content=\"Enseicom\" \/>\n<meta property=\"article:modified_time\" content=\"2026-05-01T14:16:50+00:00\" \/>\n<meta property=\"og:image\" content=\"https:\/\/www.enseicom.com\/wp-content\/uploads\/2026\/04\/About-banner_Enseicom.jpg\" \/>\n\t<meta property=\"og:image:width\" content=\"1920\" \/>\n\t<meta property=\"og:image:height\" content=\"800\" \/>\n\t<meta property=\"og:image:type\" content=\"image\/jpeg\" \/>\n<!-- \/ Yoast SEO plugin. -->","yoast_head_json":{"title":"\u00c0 propos - Enseicom","robots":{"index":"index","follow":"follow","max-snippet":"max-snippet:-1","max-image-preview":"max-image-preview:large","max-video-preview":"max-video-preview:-1"},"canonical":"https:\/\/www.enseicom.com\/fr\/a-propos\/","og_locale":"fr_CA","og_type":"article","og_title":"\u00c0 propos - Enseicom","og_description":"Fond\u00e9e en 1982, Enseicom est reconnue comme l'un des principaux fabricants nord-am\u00e9ricains de mobilier urbain, de panneaux d'affichage, de signal\u00e9tique et de structures publicitaires. Soutenus par une \u00e9quipe interne compl\u00e8te de graphistes et d'ing\u00e9nieurs, nous concevons et d\u00e9veloppons des produits de haute qualit\u00e9, durables et faciles d'entretien, le tout avec une esth\u00e9tique moderne et fonctionnelle. Notre portefeuille comprend des abribus et des installations de transport rapide, des cabines de stationnement, des bancs, des conteneurs \u00e0 d\u00e9chets, des supports \u00e0 v\u00e9los, des distributeurs de journaux, des panneaux d'affichage, des colonnes publicitaires au niveau de la rue, des enseignes de cin\u00e9mas et de casinos, et bien plus encore. Avec plus de 100 000 pieds carr\u00e9s. Avec une capacit\u00e9 de production et d'entreposage de plusieurs pieds carr\u00e9s \u00e0 seulement 10 minutes du centre-ville de Montr\u00e9al, nous sommes \u00e9quip\u00e9s pour g\u00e9rer des projets de toutes tailles en Am\u00e9rique du Nord et dans les Cara\u00efbes. Nous sommes fiers d'avoir re\u00e7u de nombreux prix de l'industrie, qui t\u00e9moignent du talent et du d\u00e9vouement de notre \u00e9quipe. Pour en savoir plus ou pour contacter un repr\u00e9sentant commercial, veuillez contacter notre si\u00e8ge social.Ce que nous faisonsConception, ing\u00e9nierie et fabrication en interne Plans techniques estampill\u00e9s Conforme \u00e0 l'ADA Installation [&hellip;]","og_url":"https:\/\/www.enseicom.com\/fr\/a-propos\/","og_site_name":"Enseicom","article_modified_time":"2026-05-01T14:16:50+00:00","og_image":[{"width":1920,"height":800,"url":"https:\/\/www.enseicom.com\/wp-content\/uploads\/2026\/04\/About-banner_Enseicom.jpg","type":"image\/jpeg"}],"schema":{"@context":"https:\/\/schema.org","@graph":[{"@type":"WebPage","@id":"https:\/\/www.enseicom.com\/fr\/a-propos\/","url":"https:\/\/www.enseicom.com\/fr\/a-propos\/","name":"\u00c0 propos - Enseicom","isPartOf":{"@id":"https:\/\/www.enseicom.com\/fr\/#website"},"primaryImageOfPage":{"@id":"https:\/\/www.enseicom.com\/fr\/a-propos\/#primaryimage"},"image":{"@id":"https:\/\/www.enseicom.com\/fr\/a-propos\/#primaryimage"},"thumbnailUrl":"https:\/\/www.enseicom.com\/wp-content\/uploads\/2026\/04\/About-banner_Enseicom.jpg","datePublished":"2026-03-19T17:48:52+00:00","dateModified":"2026-05-01T14:16:50+00:00","breadcrumb":{"@id":"https:\/\/www.enseicom.com\/fr\/a-propos\/#breadcrumb"},"inLanguage":"fr-CA","potentialAction":[{"@type":"ReadAction","target":["https:\/\/www.enseicom.com\/fr\/a-propos\/"]}]},{"@type":"ImageObject","inLanguage":"fr-CA","@id":"https:\/\/www.enseicom.com\/fr\/a-propos\/#primaryimage","url":"https:\/\/www.enseicom.com\/wp-content\/uploads\/2026\/04\/About-banner_Enseicom.jpg","contentUrl":"https:\/\/www.enseicom.com\/wp-content\/uploads\/2026\/04\/About-banner_Enseicom.jpg","width":1920,"height":800},{"@type":"BreadcrumbList","@id":"https:\/\/www.enseicom.com\/fr\/a-propos\/#breadcrumb","itemListElement":[{"@type":"ListItem","position":1,"name":"Accueil","item":"https:\/\/www.enseicom.com\/fr\/"},{"@type":"ListItem","position":2,"name":"\u00c0 propos"}]},{"@type":"WebSite","@id":"https:\/\/www.enseicom.com\/fr\/#website","url":"https:\/\/www.enseicom.com\/fr\/","name":"Enseicom","description":"","publisher":{"@id":"https:\/\/www.enseicom.com\/fr\/#organization"},"potentialAction":[{"@type":"SearchAction","target":{"@type":"EntryPoint","urlTemplate":"https:\/\/www.enseicom.com\/fr\/?s={search_term_string}"},"query-input":{"@type":"PropertyValueSpecification","valueRequired":true,"valueName":"search_term_string"}}],"inLanguage":"fr-CA"},{"@type":"Organization","@id":"https:\/\/www.enseicom.com\/fr\/#organization","name":"Enseicom","url":"https:\/\/www.enseicom.com\/fr\/","logo":{"@type":"ImageObject","inLanguage":"fr-CA","@id":"https:\/\/www.enseicom.com\/fr\/#\/schema\/logo\/image\/","url":"https:\/\/www.enseicom.com\/wp-content\/uploads\/2026\/03\/Logo_k.svg","contentUrl":"https:\/\/www.enseicom.com\/wp-content\/uploads\/2026\/03\/Logo_k.svg","width":252,"height":36,"caption":"Enseicom"},"image":{"@id":"https:\/\/www.enseicom.com\/fr\/#\/schema\/logo\/image\/"}}]}},"_links":{"self":[{"href":"https:\/\/www.enseicom.com\/fr\/wp-json\/wp\/v2\/pages\/762","targetHints":{"allow":["GET"]}}],"collection":[{"href":"https:\/\/www.enseicom.com\/fr\/wp-json\/wp\/v2\/pages"}],"about":[{"href":"https:\/\/www.enseicom.com\/fr\/wp-json\/wp\/v2\/types\/page"}],"author":[{"embeddable":true,"href":"https:\/\/www.enseicom.com\/fr\/wp-json\/wp\/v2\/users\/1"}],"replies":[{"embeddable":true,"href":"https:\/\/www.enseicom.com\/fr\/wp-json\/wp\/v2\/comments?post=762"}],"version-history":[{"count":10,"href":"https:\/\/www.enseicom.com\/fr\/wp-json\/wp\/v2\/pages\/762\/revisions"}],"predecessor-version":[{"id":1713,"href":"https:\/\/www.enseicom.com\/fr\/wp-json\/wp\/v2\/pages\/762\/revisions\/1713"}],"wp:featuredmedia":[{"embeddable":true,"href":"https:\/\/www.enseicom.com\/fr\/wp-json\/wp\/v2\/media\/989"}],"wp:attachment":[{"href":"https:\/\/www.enseicom.com\/fr\/wp-json\/wp\/v2\/media?parent=762"}],"curies":[{"name":"wp","href":"https:\/\/api.w.org\/{rel}","templated":true}]}}