{"id":745,"date":"2026-03-19T13:48:19","date_gmt":"2026-03-19T17:48:19","guid":{"rendered":"https:\/\/www.enseicom.com\/affichage-et-signalisation\/"},"modified":"2026-05-01T10:24:54","modified_gmt":"2026-05-01T14:24:54","slug":"affichage-et-signalisation","status":"publish","type":"page","link":"https:\/\/www.enseicom.com\/fr\/affichage-et-signalisation\/","title":{"rendered":"Affichage et signalisation"},"content":{"rendered":"<p>[et_pb_section fb_built=\u00a0\u00bb1&Prime; fullwidth=\u00a0\u00bbon\u00a0\u00bb admin_label=\u00a0\u00bbSection &#8211; Header Inner Page\u00a0\u00bb module_class=\u00a0\u00bbpro-page-header\u00a0\u00bb _builder_version=\u00a0\u00bb4.27.4&Prime; _module_preset=\u00a0\u00bbdefault\u00a0\u00bb global_module=\u00a0\u00bb234&Prime; saved_tabs=\u00a0\u00bball\u00a0\u00bb global_colors_info=\u00a0\u00bb{}\u00a0\u00bb][et_pb_fullwidth_post_title meta=\u00a0\u00bboff\u00a0\u00bb featured_placement=\u00a0\u00bbbackground\u00a0\u00bb admin_label=\u00a0\u00bbPage Title + Image (1920 x 800px) Please note that the first top 102px is hidden by the menu.\u00a0\u00bb _builder_version=\u00a0\u00bb4.27.6&Prime; _module_preset=\u00a0\u00bbdefault\u00a0\u00bb min_height=\u00a0\u00bb50vh\u00a0\u00bb global_colors_info=\u00a0\u00bb{}\u00a0\u00bb][\/et_pb_fullwidth_post_title][\/et_pb_section][et_pb_section fb_built=\u00a0\u00bb1&Prime; admin_label=\u00a0\u00bbSection\u00a0\u00bb _builder_version=\u00a0\u00bb4.27.4&Prime; _module_preset=\u00a0\u00bbdefault\u00a0\u00bb global_colors_info=\u00a0\u00bb{}\u00a0\u00bb][et_pb_row admin_label=\u00a0\u00bbLigne\u00a0\u00bb _builder_version=\u00a0\u00bb4.27.4&Prime; _module_preset=\u00a0\u00bbdefault\u00a0\u00bb global_colors_info=\u00a0\u00bb{}\u00a0\u00bb][et_pb_column type=\u00a0\u00bb4_4&Prime; _builder_version=\u00a0\u00bb4.27.4&Prime; _module_preset=\u00a0\u00bbdefault\u00a0\u00bb global_colors_info=\u00a0\u00bb{}\u00a0\u00bb][et_pb_heading title=\u00a0\u00bbUne visibilit\u00e9 qui s\u2019int\u00e8gre au paysage urbain. \u00a0\u00bb admin_label=\u00a0\u00bbH2 &#8211; Built for Communication. Designed for the City.\u00a0\u00bb _builder_version=\u00a0\u00bb4.27.6&Prime; _module_preset=\u00a0\u00bbdefault\u00a0\u00bb title_level=\u00a0\u00bbh2&Prime; global_colors_info=\u00a0\u00bb{}\u00a0\u00bb][\/et_pb_heading][et_pb_text admin_label=\u00a0\u00bbIntroduction\u00a0\u00bb _builder_version=\u00a0\u00bb4.27.6&Prime; _module_preset=\u00a0\u00bbdefault\u00a0\u00bb text_font_size=\u00a0\u00bb16px\u00a0\u00bb global_colors_info=\u00a0\u00bb{}\u00a0\u00bb]<\/p>\n<p>Nos solutions de publicit\u00e9 ext\u00e9rieure et de signalisation offrent une visibilit\u00e9 \u00e0 fort impact tout en s\u2019int\u00e9grant naturellement aux environnements urbains. En combinant des structures durables \u00e0 des formats adaptables, chaque installation soutient \u00e0 la fois la communication et la fonctionnalit\u00e9 dans les espaces publics et commerciaux. <\/p>\n<p>Con\u00e7us pour r\u00e9sister aux conditions ext\u00e9rieures exigeantes, ces syst\u00e8mes assurent une performance \u00e0 long terme tout en maintenant une pr\u00e9sence visuelle coh\u00e9rente et soign\u00e9e. Des affichages statiques aux solutions num\u00e9riques int\u00e9gr\u00e9es, notre offre s\u2019adapte aux besoins \u00e9volutifs des villes modernes. <\/p>\n<p>Nos solutions de publicit\u00e9 ext\u00e9rieure et de signalisation portent sur la conception et la fabrication de structures d\u2019affichage durables. Nous n\u2019offrons pas de services publicitaires, mais plut\u00f4t les supports physiques qui permettent une communication efficace dans les espaces publics. <\/p>\n<p>[\/et_pb_text][\/et_pb_column][\/et_pb_row][et_pb_row column_structure=\u00a0\u00bb1_3,1_3,1_3&Prime; make_equal=\u00a0\u00bbon\u00a0\u00bb _builder_version=\u00a0\u00bb4.27.4&Prime; _module_preset=\u00a0\u00bbdefault\u00a0\u00bb global_colors_info=\u00a0\u00bb{}\u00a0\u00bb][et_pb_column type=\u00a0\u00bb1_3&Prime; _builder_version=\u00a0\u00bb4.27.4&Prime; _module_preset=\u00a0\u00bbdefault\u00a0\u00bb global_colors_info=\u00a0\u00bb{}\u00a0\u00bb][dsm_card title=\u00a0\u00bbPanneaux d\u2019affichage\u00a0\u00bb image=\u00a0\u00bbhttps:\/\/www.enseicom.com\/wp-content\/uploads\/2026\/03\/cta-billboard_Enseicom.jpg\u00a0\u00bb button_text=\u00a0\u00bbVoir les panneaux\u00a0\u00bb button_url=\u00a0\u00bb@ET-DC@eyJkeW5hbWljIjp0cnVlLCJjb250ZW50IjoicG9zdF9saW5rX3VybF9wYWdlIiwic2V0dGluZ3MiOnsicG9zdF9pZCI6IjIyMyJ9fQ==@\u00a0\u00bb button_url_new_window=\u00a0\u00bb1&Prime; admin_label=\u00a0\u00bbCTA &#8211; Billboards\u00a0\u00bb _builder_version=\u00a0\u00bb4.27.6&Prime; _dynamic_attributes=\u00a0\u00bbbutton_url\u00a0\u00bb _module_preset=\u00a0\u00bbdefault\u00a0\u00bb header_text_align=\u00a0\u00bbcenter\u00a0\u00bb background_color=\u00a0\u00bb#e4e4e4&Prime; button_alignment=\u00a0\u00bbcenter\u00a0\u00bb text_orientation=\u00a0\u00bbcenter\u00a0\u00bb animation_style=\u00a0\u00bbfade\u00a0\u00bb global_colors_info=\u00a0\u00bb{}\u00a0\u00bb]<\/p>\n<p>Structures d\u2019affichage \u00e0 haute visibilit\u00e9 con\u00e7ues pour la publicit\u00e9 grand format en milieux urbains et routiers.<\/p>\n<p>[\/dsm_card][\/et_pb_column][et_pb_column type=\u00a0\u00bb1_3&Prime; _builder_version=\u00a0\u00bb4.27.4&Prime; _module_preset=\u00a0\u00bbdefault\u00a0\u00bb global_colors_info=\u00a0\u00bb{}\u00a0\u00bb][dsm_card title=\u00a0\u00bbColonnes publicitaires\u00a0\u00bb image=\u00a0\u00bbhttps:\/\/www.enseicom.com\/wp-content\/uploads\/2026\/04\/cta-ad-column_Enseicom.jpg\u00a0\u00bb button_text=\u00a0\u00bbVoir les colonnes\u00a0\u00bb button_url=\u00a0\u00bb@ET-DC@eyJkeW5hbWljIjp0cnVlLCJjb250ZW50IjoicG9zdF9saW5rX3VybF9wYWdlIiwic2V0dGluZ3MiOnsicG9zdF9pZCI6IjIyNyJ9fQ==@\u00a0\u00bb button_url_new_window=\u00a0\u00bb1&Prime; admin_label=\u00a0\u00bbCTA &#8211; Ad Columns\u00a0\u00bb _builder_version=\u00a0\u00bb4.27.6&Prime; _dynamic_attributes=\u00a0\u00bbbutton_url\u00a0\u00bb _module_preset=\u00a0\u00bbdefault\u00a0\u00bb header_text_align=\u00a0\u00bbcenter\u00a0\u00bb background_color=\u00a0\u00bb#e4e4e4&Prime; button_alignment=\u00a0\u00bbcenter\u00a0\u00bb text_orientation=\u00a0\u00bbcenter\u00a0\u00bb animation_style=\u00a0\u00bbfade\u00a0\u00bb global_colors_info=\u00a0\u00bb{}\u00a0\u00bb]<\/p>\n<p>Formats publicitaires compacts et polyvalents con\u00e7us pour s\u2019int\u00e9grer naturellement aux environnements urbains denses.<\/p>\n<p>[\/dsm_card][\/et_pb_column][et_pb_column type=\u00a0\u00bb1_3&Prime; _builder_version=\u00a0\u00bb4.27.4&Prime; _module_preset=\u00a0\u00bbdefault\u00a0\u00bb global_colors_info=\u00a0\u00bb{}\u00a0\u00bb][dsm_card title=\u00a0\u00bbSupports publicitaires\u00a0\u00bb image=\u00a0\u00bbhttps:\/\/www.enseicom.com\/wp-content\/uploads\/2026\/04\/cta-ad-display_Enseicom.jpg\u00a0\u00bb button_text=\u00a0\u00bbVoir les supports\u00a0\u00bb button_url=\u00a0\u00bb@ET-DC@eyJkeW5hbWljIjp0cnVlLCJjb250ZW50IjoicG9zdF9saW5rX3VybF9wYWdlIiwic2V0dGluZ3MiOnsicG9zdF9pZCI6IjIyNSJ9fQ==@\u00a0\u00bb button_url_new_window=\u00a0\u00bb1&Prime; admin_label=\u00a0\u00bbCTA &#8211; Advertising Displays\u00a0\u00bb _builder_version=\u00a0\u00bb4.27.6&Prime; _dynamic_attributes=\u00a0\u00bbbutton_url\u00a0\u00bb _module_preset=\u00a0\u00bbdefault\u00a0\u00bb header_text_align=\u00a0\u00bbcenter\u00a0\u00bb background_color=\u00a0\u00bb#e4e4e4&Prime; button_alignment=\u00a0\u00bbcenter\u00a0\u00bb text_orientation=\u00a0\u00bbcenter\u00a0\u00bb animation_style=\u00a0\u00bbfade\u00a0\u00bb global_colors_info=\u00a0\u00bb{}\u00a0\u00bb]<\/p>\n<p>Syst\u00e8mes d\u2019affichage flexibles pour l\u2019information et la publicit\u00e9, incluant des solutions num\u00e9riques et de communication int\u00e9gr\u00e9e.<\/p>\n<p>[\/dsm_card][\/et_pb_column][\/et_pb_row][\/et_pb_section][et_pb_section fb_built=\u00a0\u00bb1&Prime; admin_label=\u00a0\u00bbSection &#8211; Custom CTA\u00a0\u00bb _builder_version=\u00a0\u00bb4.27.4&Prime; _module_preset=\u00a0\u00bbdefault\u00a0\u00bb background_color=\u00a0\u00bb#0086d6&Prime; custom_padding=\u00a0\u00bb20px||20px||true|false\u00a0\u00bb global_module=\u00a0\u00bb410&Prime; saved_tabs=\u00a0\u00bball\u00a0\u00bb global_colors_info=\u00a0\u00bb{}\u00a0\u00bb][et_pb_row column_structure=\u00a0\u00bb3_4,1_4&Prime; use_custom_gutter=\u00a0\u00bbon\u00a0\u00bb make_equal=\u00a0\u00bbon\u00a0\u00bb _builder_version=\u00a0\u00bb4.27.6&Prime; _module_preset=\u00a0\u00bbdefault\u00a0\u00bb custom_css_main_element=\u00a0\u00bbdisplay: flex;||align-items: center;||flex-wrap: wrap;\u00a0\u00bb global_colors_info=\u00a0\u00bb{}\u00a0\u00bb][et_pb_column type=\u00a0\u00bb3_4&Prime; _builder_version=\u00a0\u00bb4.27.4&Prime; _module_preset=\u00a0\u00bbdefault\u00a0\u00bb global_colors_info=\u00a0\u00bb{}\u00a0\u00bb][et_pb_heading title=\u00a0\u00bbVous avez un projet en t\u00eate?\u00a0\u00bb admin_label=\u00a0\u00bbH2 &#8211; Have a project in mind?\u00a0\u00bb _builder_version=\u00a0\u00bb4.27.6&Prime; _module_preset=\u00a0\u00bbdefault\u00a0\u00bb title_level=\u00a0\u00bbh2&Prime; title_text_align=\u00a0\u00bbleft\u00a0\u00bb title_text_color=\u00a0\u00bb#FFFFFF\u00a0\u00bb title_text_align_tablet=\u00a0\u00bbcenter\u00a0\u00bb title_text_align_phone=\u00a0\u00bbcenter\u00a0\u00bb title_text_align_last_edited=\u00a0\u00bbon|phone\u00a0\u00bb global_colors_info=\u00a0\u00bb{}\u00a0\u00bb][\/et_pb_heading][et_pb_text admin_label=\u00a0\u00bbShortcode &#8211; CTA banner text\u00a0\u00bb _builder_version=\u00a0\u00bb4.27.6&Prime; _module_preset=\u00a0\u00bbdefault\u00a0\u00bb text_font_size=\u00a0\u00bb16px\u00a0\u00bb background_layout=\u00a0\u00bbdark\u00a0\u00bb text_orientation_tablet=\u00a0\u00bbcenter\u00a0\u00bb text_orientation_phone=\u00a0\u00bb\u00a0\u00bb text_orientation_last_edited=\u00a0\u00bbon|phone\u00a0\u00bb global_colors_info=\u00a0\u00bb{}\u00a0\u00bb][\/et_pb_text][\/et_pb_column][et_pb_column type=\u00a0\u00bb1_4&Prime; _builder_version=\u00a0\u00bb4.27.4&Prime; _module_preset=\u00a0\u00bbdefault\u00a0\u00bb global_colors_info=\u00a0\u00bb{}\u00a0\u00bb][et_pb_button button_url=\u00a0\u00bb@ET-DC@eyJkeW5hbWljIjp0cnVlLCJjb250ZW50IjoicG9zdF9saW5rX3VybF9wYWdlIiwic2V0dGluZ3MiOnsicG9zdF9pZCI6IjM3In19@\u00a0\u00bb button_text=\u00a0\u00bbNous contacter\u00a0\u00bb button_alignment=\u00a0\u00bbcenter\u00a0\u00bb admin_label=\u00a0\u00bbBtn &#8211; Contact Us\u00a0\u00bb _builder_version=\u00a0\u00bb4.27.6&Prime; _dynamic_attributes=\u00a0\u00bbbutton_url\u00a0\u00bb _module_preset=\u00a0\u00bbdefault\u00a0\u00bb global_colors_info=\u00a0\u00bb{}\u00a0\u00bb][\/et_pb_button][\/et_pb_column][\/et_pb_row][\/et_pb_section][et_pb_section fb_built=\u00a0\u00bb1&Prime; admin_label=\u00a0\u00bbSection &#8211; Footer\u00a0\u00bb _builder_version=\u00a0\u00bb4.27.4&Prime; _module_preset=\u00a0\u00bbdefault\u00a0\u00bb background_color=\u00a0\u00bb#474747&Prime; custom_padding=\u00a0\u00bb0px||0px||true|false\u00a0\u00bb global_module=\u00a0\u00bb237&Prime; saved_tabs=\u00a0\u00bball\u00a0\u00bb global_colors_info=\u00a0\u00bb{}\u00a0\u00bb][et_pb_row column_structure=\u00a0\u00bb1_4,3_4&Prime; _builder_version=\u00a0\u00bb4.27.4&Prime; _module_preset=\u00a0\u00bbdefault\u00a0\u00bb global_colors_info=\u00a0\u00bb{}\u00a0\u00bb][et_pb_column type=\u00a0\u00bb1_4&Prime; _builder_version=\u00a0\u00bb4.27.4&Prime; _module_preset=\u00a0\u00bbdefault\u00a0\u00bb global_colors_info=\u00a0\u00bb{}\u00a0\u00bb][et_pb_image src=\u00a0\u00bbhttps:\/\/www.enseicom.com\/wp-content\/uploads\/2026\/03\/logo_white-cropped.svg\u00a0\u00bb title_text=\u00a0\u00bblogo_white-cropped\u00a0\u00bb admin_label=\u00a0\u00bbLogo\u00a0\u00bb _builder_version=\u00a0\u00bb4.27.4&Prime; _module_preset=\u00a0\u00bbdefault\u00a0\u00bb global_colors_info=\u00a0\u00bb{}\u00a0\u00bb][\/et_pb_image][et_pb_text admin_label=\u00a0\u00bbAddress\u00a0\u00bb _builder_version=\u00a0\u00bb4.27.4&Prime; _module_preset=\u00a0\u00bbdefault\u00a0\u00bb background_layout=\u00a0\u00bbdark\u00a0\u00bb global_colors_info=\u00a0\u00bb{}\u00a0\u00bb]225 Rue Norman<br \/>Montr\u00e9al, QC, Canada<br \/>H8R 1A3[\/et_pb_text][\/et_pb_column][et_pb_column type=\u00a0\u00bb3_4&Prime; _builder_version=\u00a0\u00bb4.27.4&Prime; _module_preset=\u00a0\u00bbdefault\u00a0\u00bb global_colors_info=\u00a0\u00bb{}\u00a0\u00bb][et_pb_text admin_label=\u00a0\u00bbPhone and email\u00a0\u00bb _builder_version=\u00a0\u00bb4.27.4&Prime; _module_preset=\u00a0\u00bbdefault\u00a0\u00bb background_layout=\u00a0\u00bbdark\u00a0\u00bb global_colors_info=\u00a0\u00bb{}\u00a0\u00bb]Sans frais : 800 663-067<br \/>T\u00e9l\u00e9phone : +1 514 486-2626<br \/>info@enseicom.com[\/et_pb_text][et_pb_divider color=\u00a0\u00bb#FFFFFF\u00a0\u00bb admin_label=\u00a0\u00bbDivider\u00a0\u00bb _builder_version=\u00a0\u00bb4.27.4&Prime; _module_preset=\u00a0\u00bbdefault\u00a0\u00bb height=\u00a0\u00bb1px\u00a0\u00bb global_colors_info=\u00a0\u00bb{}\u00a0\u00bb][\/et_pb_divider][et_pb_text admin_label=\u00a0\u00bbCopyright\u00a0\u00bb _builder_version=\u00a0\u00bb4.27.4&Prime; _module_preset=\u00a0\u00bbdefault\u00a0\u00bb text_font_size=\u00a0\u00bb12px\u00a0\u00bb background_layout=\u00a0\u00bbdark\u00a0\u00bb global_colors_info=\u00a0\u00bb{}\u00a0\u00bb]\u00a9 enseicom Inc. Tous droits r\u00e9serv\u00e9s | Politique de confidentialit\u00e9[\/et_pb_text][\/et_pb_column][\/et_pb_row][\/et_pb_section]<\/p>\n","protected":false},"excerpt":{"rendered":"<p>Nos solutions de publicit\u00e9 ext\u00e9rieure et de signalisation offrent une visibilit\u00e9 \u00e0 fort impact tout en s\u2019int\u00e9grant naturellement aux environnements urbains. En combinant des structures durables \u00e0 des formats adaptables, chaque installation soutient \u00e0 la fois la communication et la fonctionnalit\u00e9 dans les espaces publics et commerciaux. Con\u00e7us pour r\u00e9sister aux conditions ext\u00e9rieures exigeantes, ces syst\u00e8mes assurent une performance \u00e0 long terme tout en maintenant une pr\u00e9sence visuelle coh\u00e9rente et soign\u00e9e. Des affichages statiques aux solutions num\u00e9riques int\u00e9gr\u00e9es, notre offre s\u2019adapte aux besoins \u00e9volutifs des villes modernes. Nos solutions de publicit\u00e9 ext\u00e9rieure et de signalisation portent sur la conception et la fabrication de structures d\u2019affichage durables. Nous n\u2019offrons pas de services publicitaires, mais plut\u00f4t les supports physiques qui permettent une communication efficace dans les espaces publics. <div class=\"et_pb_module dsm_card dsm_card_0 et_animated et_pb_bg_layout_light  dsm_card_layout_stacked\">\n\t\t\t\t\n\t\t\t\t\n\t\t\t\t\n\t\t\t\t\n\t\t\t\t\n\t\t\t\t\n\t\t\t\t<div class=\"et_pb_module_inner\">\n\t\t\t\t\t\n\t\t\t\n\t\t\t<figure class=\"dsm_card_image_wrapper dsm_card_badge_top_right\"><div class=\"dsm_card_image_background dsm_card_img\"><\/div><\/figure>\n\t\t\t<div class=\"et_pb_module dsm_card_wrapper et_pb_text_align_center\">\n\t\t\t\t\t\n\t\t\t\t\t<h4 class=\"dsm_card_title et_pb_module_header\">Panneaux d\u2019affichage<\/h4>\n\t\t\t\t\t\n\t\t\t\t\t<div class=\"dsm_card_description\">Structures d\u2019affichage \u00e0 haute visibilit\u00e9 con\u00e7ues pour la publicit\u00e9 grand format en milieux urbains et routiers.<\/div>\n\t\t\t\t\t<div class=\"et_pb_button_wrapper\"><a class=\"et_pb_button et_pb_more_button \" href=\"\">Voir les panneaux<\/a><\/div>\n\t\t\t\t<\/div>\n\t\t\t\n\t\t\t\t<\/div>\n\t\t\t<\/div><div class=\"et_pb_module dsm_card dsm_card_1 et_animated et_pb_bg_layout_light  dsm_card_layout_stacked\">\n\t\t\t\t\n\t\t\t\t\n\t\t\t\t\n\t\t\t\t\n\t\t\t\t\n\t\t\t\t\n\t\t\t\t<div class=\"et_pb_module_inner\">\n\t\t\t\t\t\n\t\t\t\n\t\t\t<figure class=\"dsm_card_image_wrapper dsm_card_badge_top_right\"><div class=\"dsm_card_image_background dsm_card_img\"><\/div><\/figure>\n\t\t\t<div class=\"et_pb_module dsm_card_wrapper et_pb_text_align_center\">\n\t\t\t\t\t\n\t\t\t\t\t<h4 class=\"dsm_card_title et_pb_module_header\">Colonnes publicitaires<\/h4>\n\t\t\t\t\t\n\t\t\t\t\t<div class=\"dsm_card_description\">Formats publicitaires compacts et polyvalents con\u00e7us pour s\u2019int\u00e9grer naturellement aux environnements urbains denses.<\/div>\n\t\t\t\t\t<div class=\"et_pb_button_wrapper\"><a class=\"et_pb_button et_pb_more_button \" href=\"\">Voir les colonnes<\/a><\/div>\n\t\t\t\t<\/div>\n\t\t\t\n\t\t\t\t<\/div>\n\t\t\t<\/div><div class=\"et_pb_module dsm_card dsm_card_2 et_pb_bg_layout_light  dsm_card_layout_stacked\">\n\t\t\t\t\n\t\t\t\t\n\t\t\t\t\n\t\t\t\t\n\t\t\t\t\n\t\t\t\t\n\t\t\t\t<div class=\"et_pb_module_inner\">\n\t\t\t\t\t\n\t\t\t\n\t\t\t<figure class=\"dsm_card_image_wrapper dsm_card_badge_top_right\"><div class=\"dsm_card_image_background dsm_card_img\"><\/div><\/figure>\n\t\t\t<div class=\"et_pb_module dsm_card_wrapper et_pb_text_align_left\">\n\t\t\t\t\t\n\t\t\t\t\t<h4 class=\"dsm_card_title et_pb_module_header\">\u00bbSupports<\/h4>\n\t\t\t\t\t\n\t\t\t\t\t\n\t\t\t\t\t<div class=\"et_pb_button_wrapper\"><a class=\"et_pb_button et_pb_more_button \" href=\"\">\u00bbVoir<\/a><\/div>\n\t\t\t\t<\/div>\n\t\t\t\n\t\t\t\t<\/div>\n\t\t\t<\/div><\/p>\n","protected":false},"author":1,"featured_media":1715,"parent":0,"menu_order":0,"comment_status":"closed","ping_status":"closed","template":"","meta":{"_et_pb_use_builder":"on","_et_pb_old_content":"","_et_gb_content_width":"","footnotes":""},"class_list":["post-745","page","type-page","status-publish","has-post-thumbnail","hentry"],"yoast_head":"<!-- This site is optimized with the Yoast SEO plugin v27.5 - https:\/\/yoast.com\/product\/yoast-seo-wordpress\/ -->\n<title>Solutions de publicit\u00e9 ext\u00e9rieure et signalisation | Enseicom<\/title>\n<meta name=\"description\" content=\"Solutions de publicit\u00e9 ext\u00e9rieure et de signalisation durables : panneaux, colonnes et supports pour une visibilit\u00e9 maximale.\" \/>\n<meta name=\"robots\" content=\"index, follow, max-snippet:-1, max-image-preview:large, max-video-preview:-1\" \/>\n<link rel=\"canonical\" href=\"https:\/\/www.enseicom.com\/fr\/affichage-et-signalisation\/\" \/>\n<meta property=\"og:locale\" content=\"fr_CA\" \/>\n<meta property=\"og:type\" content=\"article\" \/>\n<meta property=\"og:title\" content=\"Solutions de publicit\u00e9 ext\u00e9rieure et signalisation | Enseicom\" \/>\n<meta property=\"og:description\" content=\"Solutions de publicit\u00e9 ext\u00e9rieure et de signalisation durables : panneaux, colonnes et supports pour une visibilit\u00e9 maximale.\" \/>\n<meta property=\"og:url\" content=\"https:\/\/www.enseicom.com\/fr\/affichage-et-signalisation\/\" \/>\n<meta property=\"og:site_name\" content=\"Enseicom\" \/>\n<meta property=\"article:modified_time\" content=\"2026-05-01T14:24:54+00:00\" \/>\n<meta property=\"og:image\" content=\"https:\/\/www.enseicom.com\/wp-content\/uploads\/2026\/05\/Advertising-Signage-banner_Enseicom.jpg\" \/>\n\t<meta property=\"og:image:width\" content=\"1920\" \/>\n\t<meta property=\"og:image:height\" content=\"800\" \/>\n\t<meta property=\"og:image:type\" content=\"image\/jpeg\" \/>\n<!-- \/ Yoast SEO plugin. -->","yoast_head_json":{"title":"Solutions de publicit\u00e9 ext\u00e9rieure et signalisation | Enseicom","description":"Solutions de publicit\u00e9 ext\u00e9rieure et de signalisation durables : panneaux, colonnes et supports pour une visibilit\u00e9 maximale.","robots":{"index":"index","follow":"follow","max-snippet":"max-snippet:-1","max-image-preview":"max-image-preview:large","max-video-preview":"max-video-preview:-1"},"canonical":"https:\/\/www.enseicom.com\/fr\/affichage-et-signalisation\/","og_locale":"fr_CA","og_type":"article","og_title":"Solutions de publicit\u00e9 ext\u00e9rieure et signalisation | Enseicom","og_description":"Solutions de publicit\u00e9 ext\u00e9rieure et de signalisation durables : panneaux, colonnes et supports pour une visibilit\u00e9 maximale.","og_url":"https:\/\/www.enseicom.com\/fr\/affichage-et-signalisation\/","og_site_name":"Enseicom","article_modified_time":"2026-05-01T14:24:54+00:00","og_image":[{"width":1920,"height":800,"url":"https:\/\/www.enseicom.com\/wp-content\/uploads\/2026\/05\/Advertising-Signage-banner_Enseicom.jpg","type":"image\/jpeg"}],"schema":{"@context":"https:\/\/schema.org","@graph":[{"@type":"WebPage","@id":"https:\/\/www.enseicom.com\/fr\/affichage-et-signalisation\/","url":"https:\/\/www.enseicom.com\/fr\/affichage-et-signalisation\/","name":"Solutions de publicit\u00e9 ext\u00e9rieure et signalisation | Enseicom","isPartOf":{"@id":"https:\/\/www.enseicom.com\/fr\/#website"},"primaryImageOfPage":{"@id":"https:\/\/www.enseicom.com\/fr\/affichage-et-signalisation\/#primaryimage"},"image":{"@id":"https:\/\/www.enseicom.com\/fr\/affichage-et-signalisation\/#primaryimage"},"thumbnailUrl":"https:\/\/www.enseicom.com\/wp-content\/uploads\/2026\/05\/Advertising-Signage-banner_Enseicom.jpg","datePublished":"2026-03-19T17:48:19+00:00","dateModified":"2026-05-01T14:24:54+00:00","description":"Solutions de publicit\u00e9 ext\u00e9rieure et de signalisation durables : panneaux, colonnes et supports pour une visibilit\u00e9 maximale.","breadcrumb":{"@id":"https:\/\/www.enseicom.com\/fr\/affichage-et-signalisation\/#breadcrumb"},"inLanguage":"fr-CA","potentialAction":[{"@type":"ReadAction","target":["https:\/\/www.enseicom.com\/fr\/affichage-et-signalisation\/"]}]},{"@type":"ImageObject","inLanguage":"fr-CA","@id":"https:\/\/www.enseicom.com\/fr\/affichage-et-signalisation\/#primaryimage","url":"https:\/\/www.enseicom.com\/wp-content\/uploads\/2026\/05\/Advertising-Signage-banner_Enseicom.jpg","contentUrl":"https:\/\/www.enseicom.com\/wp-content\/uploads\/2026\/05\/Advertising-Signage-banner_Enseicom.jpg","width":1920,"height":800},{"@type":"BreadcrumbList","@id":"https:\/\/www.enseicom.com\/fr\/affichage-et-signalisation\/#breadcrumb","itemListElement":[{"@type":"ListItem","position":1,"name":"Accueil","item":"https:\/\/www.enseicom.com\/fr\/"},{"@type":"ListItem","position":2,"name":"Affichage et signalisation"}]},{"@type":"WebSite","@id":"https:\/\/www.enseicom.com\/fr\/#website","url":"https:\/\/www.enseicom.com\/fr\/","name":"Enseicom","description":"","publisher":{"@id":"https:\/\/www.enseicom.com\/fr\/#organization"},"potentialAction":[{"@type":"SearchAction","target":{"@type":"EntryPoint","urlTemplate":"https:\/\/www.enseicom.com\/fr\/?s={search_term_string}"},"query-input":{"@type":"PropertyValueSpecification","valueRequired":true,"valueName":"search_term_string"}}],"inLanguage":"fr-CA"},{"@type":"Organization","@id":"https:\/\/www.enseicom.com\/fr\/#organization","name":"Enseicom","url":"https:\/\/www.enseicom.com\/fr\/","logo":{"@type":"ImageObject","inLanguage":"fr-CA","@id":"https:\/\/www.enseicom.com\/fr\/#\/schema\/logo\/image\/","url":"https:\/\/www.enseicom.com\/wp-content\/uploads\/2026\/03\/Logo_k.svg","contentUrl":"https:\/\/www.enseicom.com\/wp-content\/uploads\/2026\/03\/Logo_k.svg","width":252,"height":36,"caption":"Enseicom"},"image":{"@id":"https:\/\/www.enseicom.com\/fr\/#\/schema\/logo\/image\/"}}]}},"_links":{"self":[{"href":"https:\/\/www.enseicom.com\/fr\/wp-json\/wp\/v2\/pages\/745","targetHints":{"allow":["GET"]}}],"collection":[{"href":"https:\/\/www.enseicom.com\/fr\/wp-json\/wp\/v2\/pages"}],"about":[{"href":"https:\/\/www.enseicom.com\/fr\/wp-json\/wp\/v2\/types\/page"}],"author":[{"embeddable":true,"href":"https:\/\/www.enseicom.com\/fr\/wp-json\/wp\/v2\/users\/1"}],"replies":[{"embeddable":true,"href":"https:\/\/www.enseicom.com\/fr\/wp-json\/wp\/v2\/comments?post=745"}],"version-history":[{"count":22,"href":"https:\/\/www.enseicom.com\/fr\/wp-json\/wp\/v2\/pages\/745\/revisions"}],"predecessor-version":[{"id":1724,"href":"https:\/\/www.enseicom.com\/fr\/wp-json\/wp\/v2\/pages\/745\/revisions\/1724"}],"wp:featuredmedia":[{"embeddable":true,"href":"https:\/\/www.enseicom.com\/fr\/wp-json\/wp\/v2\/media\/1715"}],"wp:attachment":[{"href":"https:\/\/www.enseicom.com\/fr\/wp-json\/wp\/v2\/media?parent=745"}],"curies":[{"name":"wp","href":"https:\/\/api.w.org\/{rel}","templated":true}]}}