{"id":726,"date":"2026-03-19T13:48:32","date_gmt":"2026-03-19T17:48:32","guid":{"rendered":"https:\/\/www.enseicom.com\/mobilier-urbain\/"},"modified":"2026-04-24T11:45:03","modified_gmt":"2026-04-24T15:45:03","slug":"mobilier-urbain","status":"publish","type":"page","link":"https:\/\/www.enseicom.com\/fr\/mobilier-urbain\/","title":{"rendered":"Mobilier urbain"},"content":{"rendered":"<p>[et_pb_section fb_built=\u00a0\u00bb1&Prime; fullwidth=\u00a0\u00bbon\u00a0\u00bb admin_label=\u00a0\u00bbSection &#8211; Header Inner Page\u00a0\u00bb module_class=\u00a0\u00bbpro-page-header\u00a0\u00bb _builder_version=\u00a0\u00bb4.27.4&Prime; _module_preset=\u00a0\u00bbdefault\u00a0\u00bb global_module=\u00a0\u00bb234&Prime; saved_tabs=\u00a0\u00bball\u00a0\u00bb global_colors_info=\u00a0\u00bb{}\u00a0\u00bb][et_pb_fullwidth_post_title meta=\u00a0\u00bboff\u00a0\u00bb featured_placement=\u00a0\u00bbbackground\u00a0\u00bb admin_label=\u00a0\u00bbPage Title + Image (1920 x 800px) Please note that the first top 102px is hidden by the menu.\u00a0\u00bb _builder_version=\u00a0\u00bb4.27.6&Prime; _module_preset=\u00a0\u00bbdefault\u00a0\u00bb min_height=\u00a0\u00bb50vh\u00a0\u00bb global_colors_info=\u00a0\u00bb{}\u00a0\u00bb][\/et_pb_fullwidth_post_title][\/et_pb_section][et_pb_section fb_built=\u00a0\u00bb1&Prime; admin_label=\u00a0\u00bbSection\u00a0\u00bb _builder_version=\u00a0\u00bb4.27.4&Prime; _module_preset=\u00a0\u00bbdefault\u00a0\u00bb global_colors_info=\u00a0\u00bb{}\u00a0\u00bb][et_pb_row admin_label=\u00a0\u00bbLigne\u00a0\u00bb _builder_version=\u00a0\u00bb4.27.4&Prime; _module_preset=\u00a0\u00bbdefault\u00a0\u00bb global_colors_info=\u00a0\u00bb{}\u00a0\u00bb][et_pb_column type=\u00a0\u00bb4_4&Prime; _builder_version=\u00a0\u00bb4.27.4&Prime; _module_preset=\u00a0\u00bbdefault\u00a0\u00bb global_colors_info=\u00a0\u00bb{}\u00a0\u00bb][et_pb_heading title=\u00a0\u00bbCon\u00e7u pour un usage quotidien. Pens\u00e9 pour les espaces publics.\u00a0\u00bb admin_label=\u00a0\u00bbH2 &#8211; Functional Design for Public Spaces.\u00a0\u00bb _builder_version=\u00a0\u00bb4.27.6&Prime; _module_preset=\u00a0\u00bbdefault\u00a0\u00bb title_level=\u00a0\u00bbh2&Prime; global_colors_info=\u00a0\u00bb{}\u00a0\u00bb][\/et_pb_heading][et_pb_text admin_label=\u00a0\u00bbIntroduction\u00a0\u00bb _builder_version=\u00a0\u00bb4.27.6&Prime; _module_preset=\u00a0\u00bbdefault\u00a0\u00bb text_font_size=\u00a0\u00bb16px\u00a0\u00bb global_colors_info=\u00a0\u00bb{}\u00a0\u00bb]<\/p>\n<p>Con\u00e7u pour am\u00e9liorer la fonctionnalit\u00e9, le confort et la qualit\u00e9 visuelle des espaces publics, notre mobilier urbain allie durabilit\u00e9 et conception r\u00e9fl\u00e9chie. Chaque produit est d\u00e9velopp\u00e9 pour r\u00e9sister \u00e0 un usage intensif tout en contribuant \u00e0 un environnement coh\u00e9rent.<\/p>\n<p>Des zones pi\u00e9tonnes aux p\u00f4les de transport et aux projets commerciaux, notre mobilier urbain accompagne les usages quotidiens gr\u00e2ce \u00e0 des solutions fiables et adaptables.<\/p>\n<p>[\/et_pb_text][\/et_pb_column][\/et_pb_row][et_pb_row column_structure=\u00a0\u00bb1_3,1_3,1_3&Prime; make_equal=\u00a0\u00bbon\u00a0\u00bb _builder_version=\u00a0\u00bb4.27.4&Prime; _module_preset=\u00a0\u00bbdefault\u00a0\u00bb global_colors_info=\u00a0\u00bb{}\u00a0\u00bb][et_pb_column type=\u00a0\u00bb1_3&Prime; _builder_version=\u00a0\u00bb4.27.4&Prime; _module_preset=\u00a0\u00bbdefault\u00a0\u00bb global_colors_info=\u00a0\u00bb{}\u00a0\u00bb][dsm_card title=\u00a0\u00bbBancs\u00a0\u00bb image=\u00a0\u00bbhttps:\/\/www.enseicom.com\/wp-content\/uploads\/2026\/04\/cta-benches_Enseicom.jpg\u00a0\u00bb button_text=\u00a0\u00bbVoir les bancs\u00a0\u00bb button_url=\u00a0\u00bb@ET-DC@eyJkeW5hbWljIjp0cnVlLCJjb250ZW50IjoicG9zdF9saW5rX3VybF9wYWdlIiwic2V0dGluZ3MiOnsicG9zdF9pZCI6IjIxNiJ9fQ==@\u00a0\u00bb button_url_new_window=\u00a0\u00bb1&Prime; admin_label=\u00a0\u00bbCTA &#8211; Benches\u00a0\u00bb _builder_version=\u00a0\u00bb4.27.6&Prime; _dynamic_attributes=\u00a0\u00bbbutton_url\u00a0\u00bb _module_preset=\u00a0\u00bbdefault\u00a0\u00bb header_text_align=\u00a0\u00bbcenter\u00a0\u00bb background_color=\u00a0\u00bb#e4e4e4&Prime; button_alignment=\u00a0\u00bbcenter\u00a0\u00bb text_orientation=\u00a0\u00bbcenter\u00a0\u00bb animation_style=\u00a0\u00bbfade\u00a0\u00bb global_colors_info=\u00a0\u00bb{}\u00a0\u00bb]<\/p>\n<p>Solutions d\u2019assise durables con\u00e7ues pour offrir confort, accessibilit\u00e9 et performance \u00e0 long terme dans les espaces publics et commerciaux.<\/p>\n<p>[\/dsm_card][\/et_pb_column][et_pb_column type=\u00a0\u00bb1_3&Prime; _builder_version=\u00a0\u00bb4.27.4&Prime; _module_preset=\u00a0\u00bbdefault\u00a0\u00bb global_colors_info=\u00a0\u00bb{}\u00a0\u00bb][dsm_card title=\u00a0\u00bbSupports \u00e0 v\u00e9los\u00a0\u00bb image=\u00a0\u00bbhttps:\/\/www.enseicom.com\/wp-content\/uploads\/2026\/04\/cta-bike-racks_Enseicom.jpg\u00a0\u00bb button_text=\u00a0\u00bbVoir les supports\u00a0\u00bb button_url=\u00a0\u00bb@ET-DC@eyJkeW5hbWljIjp0cnVlLCJjb250ZW50IjoicG9zdF9saW5rX3VybF9wYWdlIiwic2V0dGluZ3MiOnsicG9zdF9pZCI6IjIxOCJ9fQ==@\u00a0\u00bb button_url_new_window=\u00a0\u00bb1&Prime; admin_label=\u00a0\u00bbCTA &#8211; Bike Racks\u00a0\u00bb _builder_version=\u00a0\u00bb4.27.6&Prime; _dynamic_attributes=\u00a0\u00bbbutton_url\u00a0\u00bb _module_preset=\u00a0\u00bbdefault\u00a0\u00bb header_text_align=\u00a0\u00bbcenter\u00a0\u00bb background_color=\u00a0\u00bb#e4e4e4&Prime; button_alignment=\u00a0\u00bbcenter\u00a0\u00bb text_orientation=\u00a0\u00bbcenter\u00a0\u00bb animation_style=\u00a0\u00bbfade\u00a0\u00bb hover_enabled=\u00a0\u00bb0&Prime; global_colors_info=\u00a0\u00bb{}\u00a0\u00bb title_text=\u00a0\u00bbcta-bike-racks_Enseicom\u00a0\u00bb sticky_enabled=\u00a0\u00bb0&Prime;]<\/p>\n<p>Solutions de stationnement pour v\u00e9los s\u00e9curis\u00e9es et efficaces, con\u00e7ues pour les environnements \u00e0 fort achalandage et une int\u00e9gration harmonieuse aux espaces urbains et commerciaux.<\/p>\n<p>[\/dsm_card][\/et_pb_column][et_pb_column type=\u00a0\u00bb1_3&Prime; _builder_version=\u00a0\u00bb4.27.4&Prime; _module_preset=\u00a0\u00bbdefault\u00a0\u00bb global_colors_info=\u00a0\u00bb{}\u00a0\u00bb][dsm_card title=\u00a0\u00bbD\u00e9chets et recyclage\u00a0\u00bb image=\u00a0\u00bbhttps:\/\/www.enseicom.com\/wp-content\/uploads\/2026\/04\/cta-waste-recycle-container_Enseicom.jpg\u00a0\u00bb button_text=\u00a0\u00bbVoir les contenants\u00a0\u00bb button_url=\u00a0\u00bb@ET-DC@eyJkeW5hbWljIjp0cnVlLCJjb250ZW50IjoicG9zdF9saW5rX3VybF9wYWdlIiwic2V0dGluZ3MiOnsicG9zdF9pZCI6IjIyMCJ9fQ==@\u00a0\u00bb button_url_new_window=\u00a0\u00bb1&Prime; admin_label=\u00a0\u00bbCTA &#8211; Waste &#038; Recycling Containers\u00a0\u00bb _builder_version=\u00a0\u00bb4.27.6&Prime; _dynamic_attributes=\u00a0\u00bbbutton_url\u00a0\u00bb _module_preset=\u00a0\u00bbdefault\u00a0\u00bb header_text_align=\u00a0\u00bbcenter\u00a0\u00bb background_color=\u00a0\u00bb#e4e4e4&Prime; button_alignment=\u00a0\u00bbcenter\u00a0\u00bb text_orientation=\u00a0\u00bbcenter\u00a0\u00bb animation_style=\u00a0\u00bbfade\u00a0\u00bb global_colors_info=\u00a0\u00bb{}\u00a0\u00bb]<\/p>\n<p>Solutions durables et fonctionnelles de gestion des d\u00e9chets con\u00e7ues pour maintenir des espaces publics propres, organis\u00e9s et durables.<\/p>\n<p>[\/dsm_card][\/et_pb_column][\/et_pb_row][\/et_pb_section][et_pb_section fb_built=\u00a0\u00bb1&Prime; admin_label=\u00a0\u00bbSection &#8211; Custom CTA\u00a0\u00bb _builder_version=\u00a0\u00bb4.27.4&Prime; _module_preset=\u00a0\u00bbdefault\u00a0\u00bb background_color=\u00a0\u00bb#0086d6&Prime; custom_padding=\u00a0\u00bb20px||20px||true|false\u00a0\u00bb global_module=\u00a0\u00bb410&Prime; saved_tabs=\u00a0\u00bball\u00a0\u00bb global_colors_info=\u00a0\u00bb{}\u00a0\u00bb][et_pb_row column_structure=\u00a0\u00bb3_4,1_4&Prime; use_custom_gutter=\u00a0\u00bbon\u00a0\u00bb make_equal=\u00a0\u00bbon\u00a0\u00bb _builder_version=\u00a0\u00bb4.27.6&Prime; _module_preset=\u00a0\u00bbdefault\u00a0\u00bb custom_css_main_element=\u00a0\u00bbdisplay: flex;||align-items: center;||flex-wrap: wrap;\u00a0\u00bb global_colors_info=\u00a0\u00bb{}\u00a0\u00bb][et_pb_column type=\u00a0\u00bb3_4&Prime; _builder_version=\u00a0\u00bb4.27.4&Prime; _module_preset=\u00a0\u00bbdefault\u00a0\u00bb global_colors_info=\u00a0\u00bb{}\u00a0\u00bb][et_pb_heading title=\u00a0\u00bbVous avez un projet en t\u00eate?\u00a0\u00bb admin_label=\u00a0\u00bbH2 &#8211; Have a project in mind?\u00a0\u00bb _builder_version=\u00a0\u00bb4.27.6&Prime; _module_preset=\u00a0\u00bbdefault\u00a0\u00bb title_level=\u00a0\u00bbh2&Prime; title_text_color=\u00a0\u00bb#FFFFFF\u00a0\u00bb global_colors_info=\u00a0\u00bb{}\u00a0\u00bb][\/et_pb_heading][et_pb_text admin_label=\u00a0\u00bbShortcode &#8211; CTA banner text\u00a0\u00bb _builder_version=\u00a0\u00bb4.27.6&Prime; _module_preset=\u00a0\u00bbdefault\u00a0\u00bb text_font_size=\u00a0\u00bb16px\u00a0\u00bb background_layout=\u00a0\u00bbdark\u00a0\u00bb global_colors_info=\u00a0\u00bb{}\u00a0\u00bb][\/et_pb_text][\/et_pb_column][et_pb_column type=\u00a0\u00bb1_4&Prime; _builder_version=\u00a0\u00bb4.27.4&Prime; _module_preset=\u00a0\u00bbdefault\u00a0\u00bb global_colors_info=\u00a0\u00bb{}\u00a0\u00bb][et_pb_button button_url=\u00a0\u00bb@ET-DC@eyJkeW5hbWljIjp0cnVlLCJjb250ZW50IjoicG9zdF9saW5rX3VybF9wYWdlIiwic2V0dGluZ3MiOnsicG9zdF9pZCI6IjM3In19@\u00a0\u00bb button_text=\u00a0\u00bbNous contacter\u00a0\u00bb button_alignment=\u00a0\u00bbcenter\u00a0\u00bb admin_label=\u00a0\u00bbBtn &#8211; Contact Us\u00a0\u00bb _builder_version=\u00a0\u00bb4.27.6&Prime; _dynamic_attributes=\u00a0\u00bbbutton_url\u00a0\u00bb _module_preset=\u00a0\u00bbdefault\u00a0\u00bb global_colors_info=\u00a0\u00bb{}\u00a0\u00bb][\/et_pb_button][\/et_pb_column][\/et_pb_row][\/et_pb_section][et_pb_section fb_built=\u00a0\u00bb1&Prime; admin_label=\u00a0\u00bbSection &#8211; Footer\u00a0\u00bb _builder_version=\u00a0\u00bb4.27.4&Prime; _module_preset=\u00a0\u00bbdefault\u00a0\u00bb background_color=\u00a0\u00bb#474747&Prime; custom_padding=\u00a0\u00bb0px||0px||true|false\u00a0\u00bb global_module=\u00a0\u00bb237&Prime; saved_tabs=\u00a0\u00bball\u00a0\u00bb global_colors_info=\u00a0\u00bb{}\u00a0\u00bb][et_pb_row column_structure=\u00a0\u00bb1_4,3_4&Prime; _builder_version=\u00a0\u00bb4.27.4&Prime; _module_preset=\u00a0\u00bbdefault\u00a0\u00bb global_colors_info=\u00a0\u00bb{}\u00a0\u00bb][et_pb_column type=\u00a0\u00bb1_4&Prime; _builder_version=\u00a0\u00bb4.27.4&Prime; _module_preset=\u00a0\u00bbdefault\u00a0\u00bb global_colors_info=\u00a0\u00bb{}\u00a0\u00bb][et_pb_image src=\u00a0\u00bbhttps:\/\/www.enseicom.com\/wp-content\/uploads\/2026\/03\/logo_white-cropped.svg\u00a0\u00bb title_text=\u00a0\u00bblogo_white-cropped\u00a0\u00bb admin_label=\u00a0\u00bbLogo\u00a0\u00bb _builder_version=\u00a0\u00bb4.27.4&Prime; _module_preset=\u00a0\u00bbdefault\u00a0\u00bb global_colors_info=\u00a0\u00bb{}\u00a0\u00bb][\/et_pb_image][et_pb_text admin_label=\u00a0\u00bbAddress\u00a0\u00bb _builder_version=\u00a0\u00bb4.27.4&Prime; _module_preset=\u00a0\u00bbdefault\u00a0\u00bb background_layout=\u00a0\u00bbdark\u00a0\u00bb global_colors_info=\u00a0\u00bb{}\u00a0\u00bb]225 Rue Norman<br \/>Montr\u00e9al, QC, Canada<br \/>H8R 1A3[\/et_pb_text][\/et_pb_column][et_pb_column type=\u00a0\u00bb3_4&Prime; _builder_version=\u00a0\u00bb4.27.4&Prime; _module_preset=\u00a0\u00bbdefault\u00a0\u00bb global_colors_info=\u00a0\u00bb{}\u00a0\u00bb][et_pb_text admin_label=\u00a0\u00bbPhone and email\u00a0\u00bb _builder_version=\u00a0\u00bb4.27.4&Prime; _module_preset=\u00a0\u00bbdefault\u00a0\u00bb background_layout=\u00a0\u00bbdark\u00a0\u00bb global_colors_info=\u00a0\u00bb{}\u00a0\u00bb]Sans frais : 800 663-067<br \/>T\u00e9l\u00e9phone : +1 514 486-2626<br \/>info@enseicom.com[\/et_pb_text][et_pb_divider color=\u00a0\u00bb#FFFFFF\u00a0\u00bb admin_label=\u00a0\u00bbDivider\u00a0\u00bb _builder_version=\u00a0\u00bb4.27.4&Prime; _module_preset=\u00a0\u00bbdefault\u00a0\u00bb height=\u00a0\u00bb1px\u00a0\u00bb global_colors_info=\u00a0\u00bb{}\u00a0\u00bb][\/et_pb_divider][et_pb_text admin_label=\u00a0\u00bbCopyright\u00a0\u00bb _builder_version=\u00a0\u00bb4.27.4&Prime; _module_preset=\u00a0\u00bbdefault\u00a0\u00bb text_font_size=\u00a0\u00bb12px\u00a0\u00bb background_layout=\u00a0\u00bbdark\u00a0\u00bb global_colors_info=\u00a0\u00bb{}\u00a0\u00bb]\u00a9 enseicom Inc. Tous droits r\u00e9serv\u00e9s | Politique de confidentialit\u00e9[\/et_pb_text][\/et_pb_column][\/et_pb_row][\/et_pb_section]<\/p>\n","protected":false},"excerpt":{"rendered":"<p>Con\u00e7u pour am\u00e9liorer la fonctionnalit\u00e9, le confort et la qualit\u00e9 visuelle des espaces publics, notre mobilier urbain allie durabilit\u00e9 et conception r\u00e9fl\u00e9chie. Chaque produit est d\u00e9velopp\u00e9 pour r\u00e9sister \u00e0 un usage intensif tout en contribuant \u00e0 un environnement coh\u00e9rent. Des zones pi\u00e9tonnes aux p\u00f4les de transport et aux projets commerciaux, notre mobilier urbain accompagne les usages quotidiens gr\u00e2ce \u00e0 des solutions fiables et adaptables.<div class=\"et_pb_module dsm_card dsm_card_0 et_animated et_pb_bg_layout_light  dsm_card_layout_stacked\">\n\t\t\t\t\n\t\t\t\t\n\t\t\t\t\n\t\t\t\t\n\t\t\t\t\n\t\t\t\t\n\t\t\t\t<div class=\"et_pb_module_inner\">\n\t\t\t\t\t\n\t\t\t\n\t\t\t<figure class=\"dsm_card_image_wrapper dsm_card_badge_top_right\"><div class=\"dsm_card_image_background dsm_card_img\"><\/div><\/figure>\n\t\t\t<div class=\"et_pb_module dsm_card_wrapper et_pb_text_align_center\">\n\t\t\t\t\t\n\t\t\t\t\t<h4 class=\"dsm_card_title et_pb_module_header\">Bancs<\/h4>\n\t\t\t\t\t\n\t\t\t\t\t<div class=\"dsm_card_description\">Solutions d\u2019assise durables con\u00e7ues pour offrir confort, accessibilit\u00e9 et performance \u00e0 long terme dans les espaces publics et commerciaux.<\/div>\n\t\t\t\t\t<div class=\"et_pb_button_wrapper\"><a class=\"et_pb_button et_pb_more_button \" href=\"\">Voir les bancs<\/a><\/div>\n\t\t\t\t<\/div>\n\t\t\t\n\t\t\t\t<\/div>\n\t\t\t<\/div><div class=\"et_pb_module dsm_card dsm_card_1 et_animated et_pb_bg_layout_light  dsm_card_layout_stacked\">\n\t\t\t\t\n\t\t\t\t\n\t\t\t\t\n\t\t\t\t\n\t\t\t\t\n\t\t\t\t\n\t\t\t\t<div class=\"et_pb_module_inner\">\n\t\t\t\t\t\n\t\t\t\n\t\t\t<figure class=\"dsm_card_image_wrapper dsm_card_badge_top_right\"><div class=\"dsm_card_image_background dsm_card_img\"><\/div><\/figure>\n\t\t\t<div class=\"et_pb_module dsm_card_wrapper et_pb_text_align_center\">\n\t\t\t\t\t\n\t\t\t\t\t<h4 class=\"dsm_card_title et_pb_module_header\">Supports \u00e0 v\u00e9los<\/h4>\n\t\t\t\t\t\n\t\t\t\t\t<div class=\"dsm_card_description\">Solutions de stationnement pour v\u00e9los s\u00e9curis\u00e9es et efficaces, con\u00e7ues pour les environnements \u00e0 fort achalandage et une int\u00e9gration harmonieuse aux espaces urbains et commerciaux.<\/div>\n\t\t\t\t\t<div class=\"et_pb_button_wrapper\"><a class=\"et_pb_button et_pb_more_button \" href=\"\">Voir les supports<\/a><\/div>\n\t\t\t\t<\/div>\n\t\t\t\n\t\t\t\t<\/div>\n\t\t\t<\/div><div class=\"et_pb_module dsm_card dsm_card_2 et_animated et_pb_bg_layout_light  dsm_card_layout_stacked\">\n\t\t\t\t\n\t\t\t\t\n\t\t\t\t\n\t\t\t\t\n\t\t\t\t\n\t\t\t\t\n\t\t\t\t<div class=\"et_pb_module_inner\">\n\t\t\t\t\t\n\t\t\t\n\t\t\t<figure class=\"dsm_card_image_wrapper dsm_card_badge_top_right\"><div class=\"dsm_card_image_background dsm_card_img\"><\/div><\/figure>\n\t\t\t<div class=\"et_pb_module dsm_card_wrapper et_pb_text_align_center\">\n\t\t\t\t\t\n\t\t\t\t\t<h4 class=\"dsm_card_title et_pb_module_header\">D\u00e9chets et recyclage<\/h4>\n\t\t\t\t\t\n\t\t\t\t\t<div class=\"dsm_card_description\">Solutions durables et fonctionnelles de gestion des d\u00e9chets con\u00e7ues pour maintenir des espaces publics propres, organis\u00e9s et durables.<\/div>\n\t\t\t\t\t<div class=\"et_pb_button_wrapper\"><a class=\"et_pb_button et_pb_more_button \" href=\"\">Voir les contenants<\/a><\/div>\n\t\t\t\t<\/div>\n\t\t\t\n\t\t\t\t<\/div>\n\t\t\t<\/div><\/p>\n","protected":false},"author":1,"featured_media":725,"parent":0,"menu_order":0,"comment_status":"closed","ping_status":"closed","template":"","meta":{"_et_pb_use_builder":"on","_et_pb_old_content":"","_et_gb_content_width":"","footnotes":""},"class_list":["post-726","page","type-page","status-publish","has-post-thumbnail","hentry"],"yoast_head":"<!-- This site is optimized with the Yoast SEO plugin v27.5 - https:\/\/yoast.com\/product\/yoast-seo-wordpress\/ -->\n<title>Mobilier urbain pour espaces publics | Enseicom<\/title>\n<meta name=\"description\" content=\"Mobilier urbain durable incluant bancs, supports \u00e0 v\u00e9los et contenants pour d\u00e9chets et recyclage, con\u00e7u pour espaces publics et environnements urbains.\" \/>\n<meta name=\"robots\" content=\"index, follow, max-snippet:-1, max-image-preview:large, max-video-preview:-1\" \/>\n<link rel=\"canonical\" href=\"https:\/\/www.enseicom.com\/fr\/mobilier-urbain\/\" \/>\n<meta property=\"og:locale\" content=\"fr_CA\" \/>\n<meta property=\"og:type\" content=\"article\" \/>\n<meta property=\"og:title\" content=\"Mobilier urbain pour espaces publics | Enseicom\" \/>\n<meta property=\"og:description\" content=\"Mobilier urbain durable incluant bancs, supports \u00e0 v\u00e9los et contenants pour d\u00e9chets et recyclage, con\u00e7u pour espaces publics et environnements urbains.\" \/>\n<meta property=\"og:url\" content=\"https:\/\/www.enseicom.com\/fr\/mobilier-urbain\/\" \/>\n<meta property=\"og:site_name\" content=\"Enseicom\" \/>\n<meta property=\"article:modified_time\" content=\"2026-04-24T15:45:03+00:00\" \/>\n<meta property=\"og:image\" content=\"https:\/\/www.enseicom.com\/wp-content\/uploads\/2026\/04\/Street-Furniture-banner_Enseicom.jpg\" \/>\n\t<meta property=\"og:image:width\" content=\"1920\" \/>\n\t<meta property=\"og:image:height\" content=\"801\" \/>\n\t<meta property=\"og:image:type\" content=\"image\/jpeg\" \/>\n<!-- \/ Yoast SEO plugin. -->","yoast_head_json":{"title":"Mobilier urbain pour espaces publics | Enseicom","description":"Mobilier urbain durable incluant bancs, supports \u00e0 v\u00e9los et contenants pour d\u00e9chets et recyclage, con\u00e7u pour espaces publics et environnements urbains.","robots":{"index":"index","follow":"follow","max-snippet":"max-snippet:-1","max-image-preview":"max-image-preview:large","max-video-preview":"max-video-preview:-1"},"canonical":"https:\/\/www.enseicom.com\/fr\/mobilier-urbain\/","og_locale":"fr_CA","og_type":"article","og_title":"Mobilier urbain pour espaces publics | Enseicom","og_description":"Mobilier urbain durable incluant bancs, supports \u00e0 v\u00e9los et contenants pour d\u00e9chets et recyclage, con\u00e7u pour espaces publics et environnements urbains.","og_url":"https:\/\/www.enseicom.com\/fr\/mobilier-urbain\/","og_site_name":"Enseicom","article_modified_time":"2026-04-24T15:45:03+00:00","og_image":[{"width":1920,"height":801,"url":"https:\/\/www.enseicom.com\/wp-content\/uploads\/2026\/04\/Street-Furniture-banner_Enseicom.jpg","type":"image\/jpeg"}],"schema":{"@context":"https:\/\/schema.org","@graph":[{"@type":"WebPage","@id":"https:\/\/www.enseicom.com\/fr\/mobilier-urbain\/","url":"https:\/\/www.enseicom.com\/fr\/mobilier-urbain\/","name":"Mobilier urbain pour espaces publics | Enseicom","isPartOf":{"@id":"https:\/\/www.enseicom.com\/fr\/#website"},"primaryImageOfPage":{"@id":"https:\/\/www.enseicom.com\/fr\/mobilier-urbain\/#primaryimage"},"image":{"@id":"https:\/\/www.enseicom.com\/fr\/mobilier-urbain\/#primaryimage"},"thumbnailUrl":"https:\/\/www.enseicom.com\/wp-content\/uploads\/2026\/04\/Street-Furniture-banner_Enseicom.jpg","datePublished":"2026-03-19T17:48:32+00:00","dateModified":"2026-04-24T15:45:03+00:00","description":"Mobilier urbain durable incluant bancs, supports \u00e0 v\u00e9los et contenants pour d\u00e9chets et recyclage, con\u00e7u pour espaces publics et environnements urbains.","breadcrumb":{"@id":"https:\/\/www.enseicom.com\/fr\/mobilier-urbain\/#breadcrumb"},"inLanguage":"fr-CA","potentialAction":[{"@type":"ReadAction","target":["https:\/\/www.enseicom.com\/fr\/mobilier-urbain\/"]}]},{"@type":"ImageObject","inLanguage":"fr-CA","@id":"https:\/\/www.enseicom.com\/fr\/mobilier-urbain\/#primaryimage","url":"https:\/\/www.enseicom.com\/wp-content\/uploads\/2026\/04\/Street-Furniture-banner_Enseicom.jpg","contentUrl":"https:\/\/www.enseicom.com\/wp-content\/uploads\/2026\/04\/Street-Furniture-banner_Enseicom.jpg","width":1920,"height":801},{"@type":"BreadcrumbList","@id":"https:\/\/www.enseicom.com\/fr\/mobilier-urbain\/#breadcrumb","itemListElement":[{"@type":"ListItem","position":1,"name":"Accueil","item":"https:\/\/www.enseicom.com\/fr\/"},{"@type":"ListItem","position":2,"name":"Mobilier urbain"}]},{"@type":"WebSite","@id":"https:\/\/www.enseicom.com\/fr\/#website","url":"https:\/\/www.enseicom.com\/fr\/","name":"Enseicom","description":"","publisher":{"@id":"https:\/\/www.enseicom.com\/fr\/#organization"},"potentialAction":[{"@type":"SearchAction","target":{"@type":"EntryPoint","urlTemplate":"https:\/\/www.enseicom.com\/fr\/?s={search_term_string}"},"query-input":{"@type":"PropertyValueSpecification","valueRequired":true,"valueName":"search_term_string"}}],"inLanguage":"fr-CA"},{"@type":"Organization","@id":"https:\/\/www.enseicom.com\/fr\/#organization","name":"Enseicom","url":"https:\/\/www.enseicom.com\/fr\/","logo":{"@type":"ImageObject","inLanguage":"fr-CA","@id":"https:\/\/www.enseicom.com\/fr\/#\/schema\/logo\/image\/","url":"https:\/\/www.enseicom.com\/wp-content\/uploads\/2026\/03\/Logo_k.svg","contentUrl":"https:\/\/www.enseicom.com\/wp-content\/uploads\/2026\/03\/Logo_k.svg","width":252,"height":36,"caption":"Enseicom"},"image":{"@id":"https:\/\/www.enseicom.com\/fr\/#\/schema\/logo\/image\/"}}]}},"_links":{"self":[{"href":"https:\/\/www.enseicom.com\/fr\/wp-json\/wp\/v2\/pages\/726","targetHints":{"allow":["GET"]}}],"collection":[{"href":"https:\/\/www.enseicom.com\/fr\/wp-json\/wp\/v2\/pages"}],"about":[{"href":"https:\/\/www.enseicom.com\/fr\/wp-json\/wp\/v2\/types\/page"}],"author":[{"embeddable":true,"href":"https:\/\/www.enseicom.com\/fr\/wp-json\/wp\/v2\/users\/1"}],"replies":[{"embeddable":true,"href":"https:\/\/www.enseicom.com\/fr\/wp-json\/wp\/v2\/comments?post=726"}],"version-history":[{"count":8,"href":"https:\/\/www.enseicom.com\/fr\/wp-json\/wp\/v2\/pages\/726\/revisions"}],"predecessor-version":[{"id":983,"href":"https:\/\/www.enseicom.com\/fr\/wp-json\/wp\/v2\/pages\/726\/revisions\/983"}],"wp:featuredmedia":[{"embeddable":true,"href":"https:\/\/www.enseicom.com\/fr\/wp-json\/wp\/v2\/media\/725"}],"wp:attachment":[{"href":"https:\/\/www.enseicom.com\/fr\/wp-json\/wp\/v2\/media?parent=726"}],"curies":[{"name":"wp","href":"https:\/\/api.w.org\/{rel}","templated":true}]}}