{"id":670,"date":"2026-03-19T13:48:04","date_gmt":"2026-03-19T17:48:04","guid":{"rendered":"https:\/\/www.enseicom.com\/abris-et-structures\/"},"modified":"2026-04-24T11:42:54","modified_gmt":"2026-04-24T15:42:54","slug":"abris-et-structures","status":"publish","type":"page","link":"https:\/\/www.enseicom.com\/fr\/abris-et-structures\/","title":{"rendered":"Abris et structures"},"content":{"rendered":"<p>[et_pb_section fb_built=\u00a0\u00bb1&Prime; fullwidth=\u00a0\u00bbon\u00a0\u00bb admin_label=\u00a0\u00bbSection &#8211; Header Inner Page\u00a0\u00bb module_class=\u00a0\u00bbpro-page-header\u00a0\u00bb _builder_version=\u00a0\u00bb4.27.4&Prime; _module_preset=\u00a0\u00bbdefault\u00a0\u00bb global_module=\u00a0\u00bb234&Prime; saved_tabs=\u00a0\u00bball\u00a0\u00bb global_colors_info=\u00a0\u00bb{}\u00a0\u00bb][et_pb_fullwidth_post_title meta=\u00a0\u00bboff\u00a0\u00bb featured_placement=\u00a0\u00bbbackground\u00a0\u00bb admin_label=\u00a0\u00bbPage Title + Image (1920 x 800px) Please note that the first top 102px is hidden by the menu.\u00a0\u00bb _builder_version=\u00a0\u00bb4.27.6&Prime; _module_preset=\u00a0\u00bbdefault\u00a0\u00bb min_height=\u00a0\u00bb50vh\u00a0\u00bb global_colors_info=\u00a0\u00bb{}\u00a0\u00bb][\/et_pb_fullwidth_post_title][\/et_pb_section][et_pb_section fb_built=\u00a0\u00bb1&Prime; admin_label=\u00a0\u00bbSection\u00a0\u00bb _builder_version=\u00a0\u00bb4.27.4&Prime; _module_preset=\u00a0\u00bbdefault\u00a0\u00bb global_colors_info=\u00a0\u00bb{}\u00a0\u00bb][et_pb_row admin_label=\u00a0\u00bbLigne\u00a0\u00bb _builder_version=\u00a0\u00bb4.27.4&Prime; _module_preset=\u00a0\u00bbdefault\u00a0\u00bb global_colors_info=\u00a0\u00bb{}\u00a0\u00bb][et_pb_column type=\u00a0\u00bb4_4&Prime; _builder_version=\u00a0\u00bb4.27.4&Prime; _module_preset=\u00a0\u00bbdefault\u00a0\u00bb global_colors_info=\u00a0\u00bb{}\u00a0\u00bb][et_pb_heading title=\u00a0\u00bbCon\u00e7us pour les environnements urbains. Pens\u00e9s pour durer.\u00a0\u00bb admin_label=\u00a0\u00bbH2 &#8211; Engineered for Performance. Designed for Cities.\u00a0\u00bb _builder_version=\u00a0\u00bb4.27.6&Prime; _module_preset=\u00a0\u00bbdefault\u00a0\u00bb title_level=\u00a0\u00bbh2&Prime; global_colors_info=\u00a0\u00bb{}\u00a0\u00bb][\/et_pb_heading][et_pb_text admin_label=\u00a0\u00bbIntroduction\u00a0\u00bb _builder_version=\u00a0\u00bb4.27.6&Prime; _module_preset=\u00a0\u00bbdefault\u00a0\u00bb text_font_size=\u00a0\u00bb16px\u00a0\u00bb global_colors_info=\u00a0\u00bb{}\u00a0\u00bb]<\/p>\n<p>Con\u00e7us pour r\u00e9pondre aux exigences des environnements urbains modernes, nos syst\u00e8mes d\u2019abris allient durabilit\u00e9, s\u00e9curit\u00e9 et qualit\u00e9 architecturale. Fabriqu\u00e9s \u00e0 partir de mat\u00e9riaux r\u00e9sistants \u00e0 la corrosion et de composants modulaires, ils s\u2019adaptent aux contraintes sp\u00e9cifiques de chaque site et aux exigences de chaque projet.<\/p>\n<p>Des r\u00e9seaux de transport collectif aux infrastructures de mobilit\u00e9 active, nos abris offrent des solutions fiables et durables qui s\u2019int\u00e8grent harmonieusement \u00e0 leur environnement.<\/p>\n<p>[\/et_pb_text][\/et_pb_column][\/et_pb_row][et_pb_row column_structure=\u00a0\u00bb1_3,1_3,1_3&Prime; make_equal=\u00a0\u00bbon\u00a0\u00bb _builder_version=\u00a0\u00bb4.27.4&Prime; _module_preset=\u00a0\u00bbdefault\u00a0\u00bb global_colors_info=\u00a0\u00bb{}\u00a0\u00bb][et_pb_column type=\u00a0\u00bb1_3&Prime; _builder_version=\u00a0\u00bb4.27.4&Prime; _module_preset=\u00a0\u00bbdefault\u00a0\u00bb global_colors_info=\u00a0\u00bb{}\u00a0\u00bb][dsm_card title=\u00a0\u00bbAbris de transport\u00a0\u00bb image=\u00a0\u00bbhttps:\/\/www.enseicom.com\/wp-content\/uploads\/2026\/04\/cta-transit-shelter_Enseicom.jpg\u00a0\u00bb button_text=\u00a0\u00bbVoir les abris\u00a0\u00bb button_url=\u00a0\u00bb@ET-DC@eyJkeW5hbWljIjp0cnVlLCJjb250ZW50IjoicG9zdF9saW5rX3VybF9wYWdlIiwic2V0dGluZ3MiOnsicG9zdF9pZCI6IjIwOSJ9fQ==@\u00a0\u00bb button_url_new_window=\u00a0\u00bb1&Prime; admin_label=\u00a0\u00bbCTA &#8211; Transit Shelters\u00a0\u00bb _builder_version=\u00a0\u00bb4.27.6&Prime; _dynamic_attributes=\u00a0\u00bbbutton_url\u00a0\u00bb _module_preset=\u00a0\u00bbdefault\u00a0\u00bb header_text_align=\u00a0\u00bbcenter\u00a0\u00bb background_color=\u00a0\u00bb#e4e4e4&Prime; button_alignment=\u00a0\u00bbcenter\u00a0\u00bb text_orientation=\u00a0\u00bbcenter\u00a0\u00bb animation_style=\u00a0\u00bbfade\u00a0\u00bb hover_enabled=\u00a0\u00bb0&Prime; global_colors_info=\u00a0\u00bb{}\u00a0\u00bb title_text=\u00a0\u00bbcta-transit-shelter_Enseicom\u00a0\u00bb sticky_enabled=\u00a0\u00bb0&Prime;]<\/p>\n<p>Abris durables et hautement visibles, con\u00e7us pour assurer le confort et la s\u00e9curit\u00e9 des usagers dans des environnements de transport \u00e0 fort achalandage.<\/p>\n<p>[\/dsm_card][\/et_pb_column][et_pb_column type=\u00a0\u00bb1_3&Prime; _builder_version=\u00a0\u00bb4.27.4&Prime; _module_preset=\u00a0\u00bbdefault\u00a0\u00bb global_colors_info=\u00a0\u00bb{}\u00a0\u00bb][dsm_card title=\u00a0\u00bbAbris pour v\u00e9los\u00a0\u00bb image=\u00a0\u00bbhttps:\/\/www.enseicom.com\/wp-content\/uploads\/2026\/04\/cta_bike-shelter_Enseicom.jpg\u00a0\u00bb button_text=\u00a0\u00bbVoir les abris v\u00e9los\u00a0\u00bb button_url=\u00a0\u00bb@ET-DC@eyJkeW5hbWljIjp0cnVlLCJjb250ZW50IjoicG9zdF9saW5rX3VybF9wYWdlIiwic2V0dGluZ3MiOnsicG9zdF9pZCI6IjM3OCJ9fQ==@\u00a0\u00bb button_url_new_window=\u00a0\u00bb1&Prime; admin_label=\u00a0\u00bbCTA &#8211; Bike Shelters\u00a0\u00bb _builder_version=\u00a0\u00bb4.27.6&Prime; _dynamic_attributes=\u00a0\u00bbbutton_url\u00a0\u00bb _module_preset=\u00a0\u00bbdefault\u00a0\u00bb header_text_align=\u00a0\u00bbcenter\u00a0\u00bb background_color=\u00a0\u00bb#e4e4e4&Prime; button_alignment=\u00a0\u00bbcenter\u00a0\u00bb text_orientation=\u00a0\u00bbcenter\u00a0\u00bb animation_style=\u00a0\u00bbfade\u00a0\u00bb hover_enabled=\u00a0\u00bb0&Prime; global_colors_info=\u00a0\u00bb{}\u00a0\u00bb title_text=\u00a0\u00bbcta_bike-shelter_Enseicom\u00a0\u00bb sticky_enabled=\u00a0\u00bb0&Prime;]<\/p>\n<p>Solutions s\u00e9curis\u00e9es et prot\u00e9g\u00e9es contre les intemp\u00e9ries, con\u00e7ues pour le stationnement des v\u00e9los et int\u00e9gr\u00e9es aux espaces urbains et commerciaux.<\/p>\n<p>[\/dsm_card][\/et_pb_column][et_pb_column type=\u00a0\u00bb1_3&Prime; _builder_version=\u00a0\u00bb4.27.4&Prime; _module_preset=\u00a0\u00bbdefault\u00a0\u00bb global_colors_info=\u00a0\u00bb{}\u00a0\u00bb][dsm_card title=\u00a0\u00bbMarquises et pare-vent\u00a0\u00bb image=\u00a0\u00bbhttps:\/\/www.enseicom.com\/wp-content\/uploads\/2026\/03\/cta-canopy_Enseicom.jpg\u00a0\u00bb button_text=\u00a0\u00bbVoir les marquises\u00a0\u00bb button_url=\u00a0\u00bb@ET-DC@eyJkeW5hbWljIjp0cnVlLCJjb250ZW50IjoicG9zdF9saW5rX3VybF9wYWdlIiwic2V0dGluZ3MiOnsicG9zdF9pZCI6IjIxMyJ9fQ==@\u00a0\u00bb button_url_new_window=\u00a0\u00bb1&Prime; admin_label=\u00a0\u00bbCTA &#8211; Canopies &#038; Windbreaks\u00a0\u00bb _builder_version=\u00a0\u00bb4.27.6&Prime; _dynamic_attributes=\u00a0\u00bbbutton_url\u00a0\u00bb _module_preset=\u00a0\u00bbdefault\u00a0\u00bb header_text_align=\u00a0\u00bbcenter\u00a0\u00bb background_color=\u00a0\u00bb#e4e4e4&Prime; button_alignment=\u00a0\u00bbcenter\u00a0\u00bb text_orientation=\u00a0\u00bbcenter\u00a0\u00bb animation_style=\u00a0\u00bbfade\u00a0\u00bb hover_enabled=\u00a0\u00bb0&Prime; global_colors_info=\u00a0\u00bb{}\u00a0\u00bb title_text=\u00a0\u00bbcta-canopy_Enseicom\u00a0\u00bb sticky_enabled=\u00a0\u00bb0&Prime;]<\/p>\n<p>Structures architecturales offrant une protection contre les \u00e9l\u00e9ments tout en am\u00e9liorant la fonctionnalit\u00e9 et l\u2019am\u00e9nagement des espaces ext\u00e9rieurs.<\/p>\n<p>[\/dsm_card][\/et_pb_column][\/et_pb_row][\/et_pb_section][et_pb_section fb_built=\u00a0\u00bb1&Prime; admin_label=\u00a0\u00bbSection &#8211; Custom CTA\u00a0\u00bb _builder_version=\u00a0\u00bb4.27.4&Prime; _module_preset=\u00a0\u00bbdefault\u00a0\u00bb background_color=\u00a0\u00bb#0086d6&Prime; custom_padding=\u00a0\u00bb20px||20px||true|false\u00a0\u00bb global_module=\u00a0\u00bb410&Prime; saved_tabs=\u00a0\u00bball\u00a0\u00bb global_colors_info=\u00a0\u00bb{}\u00a0\u00bb][et_pb_row column_structure=\u00a0\u00bb3_4,1_4&Prime; use_custom_gutter=\u00a0\u00bbon\u00a0\u00bb make_equal=\u00a0\u00bbon\u00a0\u00bb _builder_version=\u00a0\u00bb4.27.6&Prime; _module_preset=\u00a0\u00bbdefault\u00a0\u00bb custom_css_main_element=\u00a0\u00bbdisplay: flex;||align-items: center;||flex-wrap: wrap;\u00a0\u00bb global_colors_info=\u00a0\u00bb{}\u00a0\u00bb][et_pb_column type=\u00a0\u00bb3_4&Prime; _builder_version=\u00a0\u00bb4.27.4&Prime; _module_preset=\u00a0\u00bbdefault\u00a0\u00bb global_colors_info=\u00a0\u00bb{}\u00a0\u00bb][et_pb_heading title=\u00a0\u00bbVous avez un projet en t\u00eate?\u00a0\u00bb admin_label=\u00a0\u00bbH2 &#8211; Have a project in mind?\u00a0\u00bb _builder_version=\u00a0\u00bb4.27.6&Prime; _module_preset=\u00a0\u00bbdefault\u00a0\u00bb title_level=\u00a0\u00bbh2&Prime; title_text_color=\u00a0\u00bb#FFFFFF\u00a0\u00bb global_colors_info=\u00a0\u00bb{}\u00a0\u00bb][\/et_pb_heading][et_pb_text admin_label=\u00a0\u00bbShortcode &#8211; CTA banner text\u00a0\u00bb _builder_version=\u00a0\u00bb4.27.6&Prime; _module_preset=\u00a0\u00bbdefault\u00a0\u00bb text_font_size=\u00a0\u00bb16px\u00a0\u00bb background_layout=\u00a0\u00bbdark\u00a0\u00bb global_colors_info=\u00a0\u00bb{}\u00a0\u00bb][\/et_pb_text][\/et_pb_column][et_pb_column type=\u00a0\u00bb1_4&Prime; _builder_version=\u00a0\u00bb4.27.4&Prime; _module_preset=\u00a0\u00bbdefault\u00a0\u00bb global_colors_info=\u00a0\u00bb{}\u00a0\u00bb][et_pb_button button_url=\u00a0\u00bb@ET-DC@eyJkeW5hbWljIjp0cnVlLCJjb250ZW50IjoicG9zdF9saW5rX3VybF9wYWdlIiwic2V0dGluZ3MiOnsicG9zdF9pZCI6IjM3In19@\u00a0\u00bb button_text=\u00a0\u00bbNous contacter\u00a0\u00bb button_alignment=\u00a0\u00bbcenter\u00a0\u00bb admin_label=\u00a0\u00bbBtn &#8211; Contact Us\u00a0\u00bb _builder_version=\u00a0\u00bb4.27.6&Prime; _dynamic_attributes=\u00a0\u00bbbutton_url\u00a0\u00bb _module_preset=\u00a0\u00bbdefault\u00a0\u00bb global_colors_info=\u00a0\u00bb{}\u00a0\u00bb][\/et_pb_button][\/et_pb_column][\/et_pb_row][\/et_pb_section][et_pb_section fb_built=\u00a0\u00bb1&Prime; admin_label=\u00a0\u00bbSection &#8211; Footer\u00a0\u00bb _builder_version=\u00a0\u00bb4.27.4&Prime; _module_preset=\u00a0\u00bbdefault\u00a0\u00bb background_color=\u00a0\u00bb#474747&Prime; custom_padding=\u00a0\u00bb0px||0px||true|false\u00a0\u00bb global_module=\u00a0\u00bb237&Prime; saved_tabs=\u00a0\u00bball\u00a0\u00bb global_colors_info=\u00a0\u00bb{}\u00a0\u00bb][et_pb_row column_structure=\u00a0\u00bb1_4,3_4&Prime; _builder_version=\u00a0\u00bb4.27.4&Prime; _module_preset=\u00a0\u00bbdefault\u00a0\u00bb global_colors_info=\u00a0\u00bb{}\u00a0\u00bb][et_pb_column type=\u00a0\u00bb1_4&Prime; _builder_version=\u00a0\u00bb4.27.4&Prime; _module_preset=\u00a0\u00bbdefault\u00a0\u00bb global_colors_info=\u00a0\u00bb{}\u00a0\u00bb][et_pb_image src=\u00a0\u00bbhttps:\/\/www.enseicom.com\/wp-content\/uploads\/2026\/03\/logo_white-cropped.svg\u00a0\u00bb title_text=\u00a0\u00bblogo_white-cropped\u00a0\u00bb admin_label=\u00a0\u00bbLogo\u00a0\u00bb _builder_version=\u00a0\u00bb4.27.4&Prime; _module_preset=\u00a0\u00bbdefault\u00a0\u00bb global_colors_info=\u00a0\u00bb{}\u00a0\u00bb][\/et_pb_image][et_pb_text admin_label=\u00a0\u00bbAddress\u00a0\u00bb _builder_version=\u00a0\u00bb4.27.4&Prime; _module_preset=\u00a0\u00bbdefault\u00a0\u00bb background_layout=\u00a0\u00bbdark\u00a0\u00bb global_colors_info=\u00a0\u00bb{}\u00a0\u00bb]225 Rue Norman<br \/>Montr\u00e9al, QC, Canada<br \/>H8R 1A3[\/et_pb_text][\/et_pb_column][et_pb_column type=\u00a0\u00bb3_4&Prime; _builder_version=\u00a0\u00bb4.27.4&Prime; _module_preset=\u00a0\u00bbdefault\u00a0\u00bb global_colors_info=\u00a0\u00bb{}\u00a0\u00bb][et_pb_text admin_label=\u00a0\u00bbPhone and email\u00a0\u00bb _builder_version=\u00a0\u00bb4.27.4&Prime; _module_preset=\u00a0\u00bbdefault\u00a0\u00bb background_layout=\u00a0\u00bbdark\u00a0\u00bb global_colors_info=\u00a0\u00bb{}\u00a0\u00bb]Sans frais : 800 663-067<br \/>T\u00e9l\u00e9phone : +1 514 486-2626<br \/>info@enseicom.com[\/et_pb_text][et_pb_divider color=\u00a0\u00bb#FFFFFF\u00a0\u00bb admin_label=\u00a0\u00bbDivider\u00a0\u00bb _builder_version=\u00a0\u00bb4.27.4&Prime; _module_preset=\u00a0\u00bbdefault\u00a0\u00bb height=\u00a0\u00bb1px\u00a0\u00bb global_colors_info=\u00a0\u00bb{}\u00a0\u00bb][\/et_pb_divider][et_pb_text admin_label=\u00a0\u00bbCopyright\u00a0\u00bb _builder_version=\u00a0\u00bb4.27.4&Prime; _module_preset=\u00a0\u00bbdefault\u00a0\u00bb text_font_size=\u00a0\u00bb12px\u00a0\u00bb background_layout=\u00a0\u00bbdark\u00a0\u00bb global_colors_info=\u00a0\u00bb{}\u00a0\u00bb]\u00a9 enseicom Inc. Tous droits r\u00e9serv\u00e9s | Politique de confidentialit\u00e9[\/et_pb_text][\/et_pb_column][\/et_pb_row][\/et_pb_section]<\/p>\n","protected":false},"excerpt":{"rendered":"<p>Con\u00e7us pour r\u00e9pondre aux exigences des environnements urbains modernes, nos syst\u00e8mes d\u2019abris allient durabilit\u00e9, s\u00e9curit\u00e9 et qualit\u00e9 architecturale. Fabriqu\u00e9s \u00e0 partir de mat\u00e9riaux r\u00e9sistants \u00e0 la corrosion et de composants modulaires, ils s\u2019adaptent aux contraintes sp\u00e9cifiques de chaque site et aux exigences de chaque projet. Des r\u00e9seaux de transport collectif aux infrastructures de mobilit\u00e9 active, nos abris offrent des solutions fiables et durables qui s\u2019int\u00e8grent harmonieusement \u00e0 leur environnement.<div class=\"et_pb_module dsm_card dsm_card_0 et_animated et_pb_bg_layout_light  dsm_card_layout_stacked\">\n\t\t\t\t\n\t\t\t\t\n\t\t\t\t\n\t\t\t\t\n\t\t\t\t\n\t\t\t\t\n\t\t\t\t<div class=\"et_pb_module_inner\">\n\t\t\t\t\t\n\t\t\t\n\t\t\t<figure class=\"dsm_card_image_wrapper dsm_card_badge_top_right\"><div class=\"dsm_card_image_background dsm_card_img\"><\/div><\/figure>\n\t\t\t<div class=\"et_pb_module dsm_card_wrapper et_pb_text_align_center\">\n\t\t\t\t\t\n\t\t\t\t\t<h4 class=\"dsm_card_title et_pb_module_header\">Abris de transport<\/h4>\n\t\t\t\t\t\n\t\t\t\t\t<div class=\"dsm_card_description\">Abris durables et hautement visibles, con\u00e7us pour assurer le confort et la s\u00e9curit\u00e9 des usagers dans des environnements de transport \u00e0 fort achalandage.<\/div>\n\t\t\t\t\t<div class=\"et_pb_button_wrapper\"><a class=\"et_pb_button et_pb_more_button \" href=\"\">Voir les abris<\/a><\/div>\n\t\t\t\t<\/div>\n\t\t\t\n\t\t\t\t<\/div>\n\t\t\t<\/div><div class=\"et_pb_module dsm_card dsm_card_1 et_animated et_pb_bg_layout_light  dsm_card_layout_stacked\">\n\t\t\t\t\n\t\t\t\t\n\t\t\t\t\n\t\t\t\t\n\t\t\t\t\n\t\t\t\t\n\t\t\t\t<div class=\"et_pb_module_inner\">\n\t\t\t\t\t\n\t\t\t\n\t\t\t<figure class=\"dsm_card_image_wrapper dsm_card_badge_top_right\"><div class=\"dsm_card_image_background dsm_card_img\"><\/div><\/figure>\n\t\t\t<div class=\"et_pb_module dsm_card_wrapper et_pb_text_align_center\">\n\t\t\t\t\t\n\t\t\t\t\t<h4 class=\"dsm_card_title et_pb_module_header\">Abris pour v\u00e9los<\/h4>\n\t\t\t\t\t\n\t\t\t\t\t<div class=\"dsm_card_description\">Solutions s\u00e9curis\u00e9es et prot\u00e9g\u00e9es contre les intemp\u00e9ries, con\u00e7ues pour le stationnement des v\u00e9los et int\u00e9gr\u00e9es aux espaces urbains et commerciaux.<\/div>\n\t\t\t\t\t<div class=\"et_pb_button_wrapper\"><a class=\"et_pb_button et_pb_more_button \" href=\"\">Voir les abris v\u00e9los<\/a><\/div>\n\t\t\t\t<\/div>\n\t\t\t\n\t\t\t\t<\/div>\n\t\t\t<\/div><div class=\"et_pb_module dsm_card dsm_card_2 et_animated et_pb_bg_layout_light  dsm_card_layout_stacked\">\n\t\t\t\t\n\t\t\t\t\n\t\t\t\t\n\t\t\t\t\n\t\t\t\t\n\t\t\t\t\n\t\t\t\t<div class=\"et_pb_module_inner\">\n\t\t\t\t\t\n\t\t\t\n\t\t\t<figure class=\"dsm_card_image_wrapper dsm_card_badge_top_right\"><div class=\"dsm_card_image_background dsm_card_img\"><\/div><\/figure>\n\t\t\t<div class=\"et_pb_module dsm_card_wrapper et_pb_text_align_center\">\n\t\t\t\t\t\n\t\t\t\t\t<h4 class=\"dsm_card_title et_pb_module_header\">Marquises et pare-vent<\/h4>\n\t\t\t\t\t\n\t\t\t\t\t\n\t\t\t\t\t<div class=\"et_pb_button_wrapper\"><a class=\"et_pb_button et_pb_more_button \" href=\"\">Voir les marquises<\/a><\/div>\n\t\t\t\t<\/div>\n\t\t\t\n\t\t\t\t<\/div>\n\t\t\t<\/div>Structures architecturales offrant une protection contre les \u00e9l\u00e9ments tout en am\u00e9liorant la fonctionnalit\u00e9 et [&hellip;]<\/p>\n","protected":false},"author":1,"featured_media":669,"parent":0,"menu_order":0,"comment_status":"closed","ping_status":"closed","template":"","meta":{"_et_pb_use_builder":"on","_et_pb_old_content":"","_et_gb_content_width":"","footnotes":""},"class_list":["post-670","page","type-page","status-publish","has-post-thumbnail","hentry"],"yoast_head":"<!-- This site is optimized with the Yoast SEO plugin v27.5 - https:\/\/yoast.com\/product\/yoast-seo-wordpress\/ -->\n<title>Abris et structures pour espaces publics | Enseicom<\/title>\n<meta name=\"description\" content=\"D\u00e9couvrez des abris et structures durables con\u00e7us pour les espaces publics et les environnements urbains. Adapt\u00e9s aux r\u00e9seaux de transport et aux projets d\u2019am\u00e9nagement.\" \/>\n<meta name=\"robots\" content=\"index, follow, max-snippet:-1, max-image-preview:large, max-video-preview:-1\" \/>\n<link rel=\"canonical\" href=\"https:\/\/www.enseicom.com\/fr\/abris-et-structures\/\" \/>\n<meta property=\"og:locale\" content=\"fr_CA\" \/>\n<meta property=\"og:type\" content=\"article\" \/>\n<meta property=\"og:title\" content=\"Abris et structures pour espaces publics | Enseicom\" \/>\n<meta property=\"og:description\" content=\"D\u00e9couvrez des abris et structures durables con\u00e7us pour les espaces publics et les environnements urbains. Adapt\u00e9s aux r\u00e9seaux de transport et aux projets d\u2019am\u00e9nagement.\" \/>\n<meta property=\"og:url\" content=\"https:\/\/www.enseicom.com\/fr\/abris-et-structures\/\" \/>\n<meta property=\"og:site_name\" content=\"Enseicom\" \/>\n<meta property=\"article:modified_time\" content=\"2026-04-24T15:42:54+00:00\" \/>\n<meta property=\"og:image\" content=\"https:\/\/www.enseicom.com\/wp-content\/uploads\/2026\/03\/Shelters-Structures-banner_Enseicom.jpg\" \/>\n\t<meta property=\"og:image:width\" content=\"1920\" \/>\n\t<meta property=\"og:image:height\" content=\"800\" \/>\n\t<meta property=\"og:image:type\" content=\"image\/jpeg\" \/>\n<!-- \/ Yoast SEO plugin. -->","yoast_head_json":{"title":"Abris et structures pour espaces publics | Enseicom","description":"D\u00e9couvrez des abris et structures durables con\u00e7us pour les espaces publics et les environnements urbains. Adapt\u00e9s aux r\u00e9seaux de transport et aux projets d\u2019am\u00e9nagement.","robots":{"index":"index","follow":"follow","max-snippet":"max-snippet:-1","max-image-preview":"max-image-preview:large","max-video-preview":"max-video-preview:-1"},"canonical":"https:\/\/www.enseicom.com\/fr\/abris-et-structures\/","og_locale":"fr_CA","og_type":"article","og_title":"Abris et structures pour espaces publics | Enseicom","og_description":"D\u00e9couvrez des abris et structures durables con\u00e7us pour les espaces publics et les environnements urbains. Adapt\u00e9s aux r\u00e9seaux de transport et aux projets d\u2019am\u00e9nagement.","og_url":"https:\/\/www.enseicom.com\/fr\/abris-et-structures\/","og_site_name":"Enseicom","article_modified_time":"2026-04-24T15:42:54+00:00","og_image":[{"width":1920,"height":800,"url":"https:\/\/www.enseicom.com\/wp-content\/uploads\/2026\/03\/Shelters-Structures-banner_Enseicom.jpg","type":"image\/jpeg"}],"schema":{"@context":"https:\/\/schema.org","@graph":[{"@type":"WebPage","@id":"https:\/\/www.enseicom.com\/fr\/abris-et-structures\/","url":"https:\/\/www.enseicom.com\/fr\/abris-et-structures\/","name":"Abris et structures pour espaces publics | Enseicom","isPartOf":{"@id":"https:\/\/www.enseicom.com\/fr\/#website"},"primaryImageOfPage":{"@id":"https:\/\/www.enseicom.com\/fr\/abris-et-structures\/#primaryimage"},"image":{"@id":"https:\/\/www.enseicom.com\/fr\/abris-et-structures\/#primaryimage"},"thumbnailUrl":"https:\/\/www.enseicom.com\/wp-content\/uploads\/2026\/03\/Shelters-Structures-banner_Enseicom.jpg","datePublished":"2026-03-19T17:48:04+00:00","dateModified":"2026-04-24T15:42:54+00:00","description":"D\u00e9couvrez des abris et structures durables con\u00e7us pour les espaces publics et les environnements urbains. Adapt\u00e9s aux r\u00e9seaux de transport et aux projets d\u2019am\u00e9nagement.","breadcrumb":{"@id":"https:\/\/www.enseicom.com\/fr\/abris-et-structures\/#breadcrumb"},"inLanguage":"fr-CA","potentialAction":[{"@type":"ReadAction","target":["https:\/\/www.enseicom.com\/fr\/abris-et-structures\/"]}]},{"@type":"ImageObject","inLanguage":"fr-CA","@id":"https:\/\/www.enseicom.com\/fr\/abris-et-structures\/#primaryimage","url":"https:\/\/www.enseicom.com\/wp-content\/uploads\/2026\/03\/Shelters-Structures-banner_Enseicom.jpg","contentUrl":"https:\/\/www.enseicom.com\/wp-content\/uploads\/2026\/03\/Shelters-Structures-banner_Enseicom.jpg","width":1920,"height":800},{"@type":"BreadcrumbList","@id":"https:\/\/www.enseicom.com\/fr\/abris-et-structures\/#breadcrumb","itemListElement":[{"@type":"ListItem","position":1,"name":"Accueil","item":"https:\/\/www.enseicom.com\/fr\/"},{"@type":"ListItem","position":2,"name":"Abris et structures"}]},{"@type":"WebSite","@id":"https:\/\/www.enseicom.com\/fr\/#website","url":"https:\/\/www.enseicom.com\/fr\/","name":"Enseicom","description":"","publisher":{"@id":"https:\/\/www.enseicom.com\/fr\/#organization"},"potentialAction":[{"@type":"SearchAction","target":{"@type":"EntryPoint","urlTemplate":"https:\/\/www.enseicom.com\/fr\/?s={search_term_string}"},"query-input":{"@type":"PropertyValueSpecification","valueRequired":true,"valueName":"search_term_string"}}],"inLanguage":"fr-CA"},{"@type":"Organization","@id":"https:\/\/www.enseicom.com\/fr\/#organization","name":"Enseicom","url":"https:\/\/www.enseicom.com\/fr\/","logo":{"@type":"ImageObject","inLanguage":"fr-CA","@id":"https:\/\/www.enseicom.com\/fr\/#\/schema\/logo\/image\/","url":"https:\/\/www.enseicom.com\/wp-content\/uploads\/2026\/03\/Logo_k.svg","contentUrl":"https:\/\/www.enseicom.com\/wp-content\/uploads\/2026\/03\/Logo_k.svg","width":252,"height":36,"caption":"Enseicom"},"image":{"@id":"https:\/\/www.enseicom.com\/fr\/#\/schema\/logo\/image\/"}}]}},"_links":{"self":[{"href":"https:\/\/www.enseicom.com\/fr\/wp-json\/wp\/v2\/pages\/670","targetHints":{"allow":["GET"]}}],"collection":[{"href":"https:\/\/www.enseicom.com\/fr\/wp-json\/wp\/v2\/pages"}],"about":[{"href":"https:\/\/www.enseicom.com\/fr\/wp-json\/wp\/v2\/types\/page"}],"author":[{"embeddable":true,"href":"https:\/\/www.enseicom.com\/fr\/wp-json\/wp\/v2\/users\/1"}],"replies":[{"embeddable":true,"href":"https:\/\/www.enseicom.com\/fr\/wp-json\/wp\/v2\/comments?post=670"}],"version-history":[{"count":12,"href":"https:\/\/www.enseicom.com\/fr\/wp-json\/wp\/v2\/pages\/670\/revisions"}],"predecessor-version":[{"id":974,"href":"https:\/\/www.enseicom.com\/fr\/wp-json\/wp\/v2\/pages\/670\/revisions\/974"}],"wp:featuredmedia":[{"embeddable":true,"href":"https:\/\/www.enseicom.com\/fr\/wp-json\/wp\/v2\/media\/669"}],"wp:attachment":[{"href":"https:\/\/www.enseicom.com\/fr\/wp-json\/wp\/v2\/media?parent=670"}],"curies":[{"name":"wp","href":"https:\/\/api.w.org\/{rel}","templated":true}]}}