{"id":665,"date":"2026-03-18T15:27:13","date_gmt":"2026-03-18T19:27:13","guid":{"rendered":"https:\/\/www.enseicom.com\/abris-urbains-mobilier-urbain-et-signalisation-enseicom\/"},"modified":"2026-05-01T10:39:55","modified_gmt":"2026-05-01T14:39:55","slug":"abris-urbains-mobilier-urbain-et-signalisation-enseicom","status":"publish","type":"page","link":"https:\/\/www.enseicom.com\/fr\/","title":{"rendered":"Abris urbains, mobilier urbain et signalisation | Enseicom"},"content":{"rendered":"<p>[et_pb_section fb_built=\u00a0\u00bb1&Prime; _builder_version=\u00a0\u00bb4.27.6&Prime; _module_preset=\u00a0\u00bbdefault\u00a0\u00bb background_enable_color=\u00a0\u00bboff\u00a0\u00bb background_image=\u00a0\u00bbhttps:\/\/www.enseicom.com\/wp-content\/uploads\/2026\/03\/Home-Banner_Enseicom.jpg\u00a0\u00bb custom_padding=\u00a0\u00bb||||false|false\u00a0\u00bb custom_css_free_form=\u00a0\u00bb.et_pb_section_0.et_pb_section {||  padding-top: 250px !important;||  padding-bottom: 20px;||  background-image: linear-gradient(rgba(0, 0, 0, 0.3), rgba(0, 0, 0, 0.3)), url(https:\/\/www.enseicom.com\/wp-content\/uploads\/2026\/03\/Home-Banner_Enseicom.jpg) !important||}\u00a0\u00bb global_colors_info=\u00a0\u00bb{}\u00a0\u00bb][et_pb_row column_structure=\u00a0\u00bb3_5,2_5&Prime; _builder_version=\u00a0\u00bb4.27.4&Prime; _module_preset=\u00a0\u00bbdefault\u00a0\u00bb global_colors_info=\u00a0\u00bb{}\u00a0\u00bb][et_pb_column type=\u00a0\u00bb3_5&Prime; _builder_version=\u00a0\u00bb4.27.4&Prime; _module_preset=\u00a0\u00bbdefault\u00a0\u00bb global_colors_info=\u00a0\u00bb{}\u00a0\u00bb][et_pb_text admin_label=\u00a0\u00bbH1 &#8211; Shelters, Street Furniture &#038; Signage for Modern Public Spaces\u00a0\u00bb _builder_version=\u00a0\u00bb4.27.6&Prime; _module_preset=\u00a0\u00bbdefault\u00a0\u00bb background_layout=\u00a0\u00bbdark\u00a0\u00bb custom_margin_tablet=\u00a0\u00bb||0px||false|false\u00a0\u00bb custom_margin_phone=\u00a0\u00bb||0px||false|false\u00a0\u00bb custom_margin_last_edited=\u00a0\u00bbon|tablet\u00a0\u00bb global_colors_info=\u00a0\u00bb{}\u00a0\u00bb]<\/p>\n<h1>Abris, mobilier urbain et signalisation pour les espaces publics modernes<\/h1>\n<p>[\/et_pb_text][et_pb_text disabled_on=\u00a0\u00bbon|on|off\u00a0\u00bb admin_label=\u00a0\u00bbCustom-built urban infrastructure engineered&#8230;\u00a0\u00bb _builder_version=\u00a0\u00bb4.27.6&Prime; _module_preset=\u00a0\u00bbdefault\u00a0\u00bb background_layout=\u00a0\u00bbdark\u00a0\u00bb global_colors_info=\u00a0\u00bb{}\u00a0\u00bb]<\/p>\n<p>Des infrastructures urbaines sur mesure con\u00e7ues pour offrir durabilit\u00e9,<br \/>fonctionnalit\u00e9 et int\u00e9gration harmonieuse aux environnements de<br \/>transport en commun, municipaux et commerciaux.<\/p>\n<p>[\/et_pb_text][\/et_pb_column][et_pb_column type=\u00a0\u00bb2_5&Prime; _builder_version=\u00a0\u00bb4.27.4&Prime; _module_preset=\u00a0\u00bbdefault\u00a0\u00bb global_colors_info=\u00a0\u00bb{}\u00a0\u00bb][et_pb_button button_url=\u00a0\u00bb@ET-DC@eyJkeW5hbWljIjp0cnVlLCJjb250ZW50IjoicG9zdF9saW5rX3VybF9wYWdlIiwic2V0dGluZ3MiOnsicG9zdF9pZCI6IjM3In19@\u00a0\u00bb button_text=\u00a0\u00bbDemander une soumission\u00a0\u00bb admin_label=\u00a0\u00bbBtn &#8211; Request a Quote\u00a0\u00bb module_class=\u00a0\u00bbbtn-secondary\u00a0\u00bb _builder_version=\u00a0\u00bb4.27.6&Prime; _dynamic_attributes=\u00a0\u00bbbutton_url\u00a0\u00bb _module_preset=\u00a0\u00bbdefault\u00a0\u00bb global_colors_info=\u00a0\u00bb{}\u00a0\u00bb][\/et_pb_button][et_pb_button button_url=\u00a0\u00bb@ET-DC@eyJkeW5hbWljIjp0cnVlLCJjb250ZW50IjoicG9zdF9saW5rX3VybF9wYWdlIiwic2V0dGluZ3MiOnsicG9zdF9pZCI6IjU1MyJ9fQ==@\u00a0\u00bb button_text=\u00a0\u00bbProjets\u00a0\u00bb admin_label=\u00a0\u00bbBTN &#8211; Projects\u00a0\u00bb module_class=\u00a0\u00bbbtn-secondary\u00a0\u00bb _builder_version=\u00a0\u00bb4.27.6&Prime; _dynamic_attributes=\u00a0\u00bbbutton_url\u00a0\u00bb _module_preset=\u00a0\u00bbdefault\u00a0\u00bb global_colors_info=\u00a0\u00bb{}\u00a0\u00bb][\/et_pb_button][\/et_pb_column][\/et_pb_row][\/et_pb_section][et_pb_section fb_built=\u00a0\u00bb1&Prime; module_id=\u00a0\u00bbsolutions\u00a0\u00bb _builder_version=\u00a0\u00bb4.27.6&Prime; _module_preset=\u00a0\u00bbdefault\u00a0\u00bb global_colors_info=\u00a0\u00bb{}\u00a0\u00bb][et_pb_row column_structure=\u00a0\u00bb1_3,1_3,1_3&Prime; make_equal=\u00a0\u00bbon\u00a0\u00bb _builder_version=\u00a0\u00bb4.27.4&Prime; _module_preset=\u00a0\u00bbdefault\u00a0\u00bb global_colors_info=\u00a0\u00bb{}\u00a0\u00bb][et_pb_column type=\u00a0\u00bb1_3&Prime; _builder_version=\u00a0\u00bb4.27.4&Prime; _module_preset=\u00a0\u00bbdefault\u00a0\u00bb global_colors_info=\u00a0\u00bb{}\u00a0\u00bb][dsm_card title=\u00a0\u00bbAbris et structures\u00a0\u00bb image=\u00a0\u00bbhttps:\/\/www.enseicom.com\/wp-content\/uploads\/2026\/04\/cta-transit-shelter_Enseicom.jpg\u00a0\u00bb button_text=\u00a0\u00bbD\u00e9couvrir les abris\u00a0\u00bb button_url=\u00a0\u00bb@ET-DC@eyJkeW5hbWljIjp0cnVlLCJjb250ZW50IjoicG9zdF9saW5rX3VybF9wYWdlIiwic2V0dGluZ3MiOnsicG9zdF9pZCI6IjI3In19@\u00a0\u00bb button_url_new_window=\u00a0\u00bb1&Prime; admin_label=\u00a0\u00bbShelters &#038; Structures\u00a0\u00bb _builder_version=\u00a0\u00bb4.27.6&Prime; _dynamic_attributes=\u00a0\u00bbbutton_url\u00a0\u00bb _module_preset=\u00a0\u00bbdefault\u00a0\u00bb header_text_align=\u00a0\u00bbcenter\u00a0\u00bb background_color=\u00a0\u00bb#e4e4e4&Prime; button_alignment=\u00a0\u00bbcenter\u00a0\u00bb text_orientation=\u00a0\u00bbcenter\u00a0\u00bb animation_style=\u00a0\u00bbfade\u00a0\u00bb global_colors_info=\u00a0\u00bb{}\u00a0\u00bb]<\/p>\n<p>Abris sur mesure et structures de protection con\u00e7us pour les r\u00e9seaux de transport en commun, le stationnement pour v\u00e9los, les zones pi\u00e9tonnes et les espaces publics.<\/p>\n<p>[\/dsm_card][\/et_pb_column][et_pb_column type=\u00a0\u00bb1_3&Prime; _builder_version=\u00a0\u00bb4.27.4&Prime; _module_preset=\u00a0\u00bbdefault\u00a0\u00bb global_colors_info=\u00a0\u00bb{}\u00a0\u00bb][dsm_card title=\u00a0\u00bbMobilier urbain\u00a0\u00bb image=\u00a0\u00bbhttps:\/\/www.enseicom.com\/wp-content\/uploads\/2026\/04\/cta-street-furniture_Enseicom.jpg\u00a0\u00bb button_text=\u00a0\u00bbD\u00e9couvrir le mobilier\u00a0\u00bb button_url=\u00a0\u00bb@ET-DC@eyJkeW5hbWljIjp0cnVlLCJjb250ZW50IjoicG9zdF9saW5rX3VybF9wYWdlIiwic2V0dGluZ3MiOnsicG9zdF9pZCI6IjMxIn19@\u00a0\u00bb button_url_new_window=\u00a0\u00bb1&Prime; admin_label=\u00a0\u00bbStreet Furniture\u00a0\u00bb _builder_version=\u00a0\u00bb4.27.6&Prime; _dynamic_attributes=\u00a0\u00bbbutton_url\u00a0\u00bb _module_preset=\u00a0\u00bbdefault\u00a0\u00bb header_text_align=\u00a0\u00bbcenter\u00a0\u00bb background_color=\u00a0\u00bb#e4e4e4&Prime; button_alignment=\u00a0\u00bbcenter\u00a0\u00bb text_orientation=\u00a0\u00bbcenter\u00a0\u00bb animation_style=\u00a0\u00bbfade\u00a0\u00bb hover_enabled=\u00a0\u00bb0&Prime; global_colors_info=\u00a0\u00bb{}\u00a0\u00bb title_text=\u00a0\u00bbcta-street-furniture_Enseicom\u00a0\u00bb sticky_enabled=\u00a0\u00bb0&Prime;]<\/p>\n<p>Bancs, supports \u00e0 v\u00e9los, contenants \u00e0 d\u00e9chets et \u00e9quipements urbains con\u00e7us pour le confort, la durabilit\u00e9 et l\u2019usage quotidien dans les espaces publics.<\/p>\n<p>[\/dsm_card][\/et_pb_column][et_pb_column type=\u00a0\u00bb1_3&Prime; _builder_version=\u00a0\u00bb4.27.4&Prime; _module_preset=\u00a0\u00bbdefault\u00a0\u00bb global_colors_info=\u00a0\u00bb{}\u00a0\u00bb][dsm_card title=\u00a0\u00bbAffichage et signalisation\u00a0\u00bb image=\u00a0\u00bbhttps:\/\/www.enseicom.com\/wp-content\/uploads\/2026\/03\/cta-billboard_Enseicom.jpg\u00a0\u00bb button_text=\u00a0\u00bbD\u00e9couvrir l\u2019affichage\u00a0\u00bb button_url=\u00a0\u00bb@ET-DC@eyJkeW5hbWljIjp0cnVlLCJjb250ZW50IjoicG9zdF9saW5rX3VybF9wYWdlIiwic2V0dGluZ3MiOnsicG9zdF9pZCI6IjI5In19@\u00a0\u00bb button_url_new_window=\u00a0\u00bb1&Prime; admin_label=\u00a0\u00bbAdvertising &#038; Signage\u00a0\u00bb _builder_version=\u00a0\u00bb4.27.6&Prime; _dynamic_attributes=\u00a0\u00bbbutton_url\u00a0\u00bb _module_preset=\u00a0\u00bbdefault\u00a0\u00bb header_text_align=\u00a0\u00bbcenter\u00a0\u00bb background_color=\u00a0\u00bb#e4e4e4&Prime; button_alignment=\u00a0\u00bbcenter\u00a0\u00bb text_orientation=\u00a0\u00bbcenter\u00a0\u00bb animation_style=\u00a0\u00bbfade\u00a0\u00bb global_colors_info=\u00a0\u00bb{}\u00a0\u00bb]<\/p>\n<p>Panneaux d\u2019affichage, syst\u00e8mes de pr\u00e9sentation, colonnes publicitaires et signalisation sur mesure con\u00e7us pour la visibilit\u00e9, l\u2019image de marque et la communication publique.<\/p>\n<p>[\/dsm_card][\/et_pb_column][\/et_pb_row][\/et_pb_section][et_pb_section fb_built=\u00a0\u00bb1&Prime; _builder_version=\u00a0\u00bb4.27.4&Prime; _module_preset=\u00a0\u00bbdefault\u00a0\u00bb background_color=\u00a0\u00bb#e4e4e4&Prime; custom_padding=\u00a0\u00bb0px||||false|false\u00a0\u00bb global_colors_info=\u00a0\u00bb{}\u00a0\u00bb][et_pb_row _builder_version=\u00a0\u00bb4.27.4&Prime; _module_preset=\u00a0\u00bbdefault\u00a0\u00bb custom_padding=\u00a0\u00bb0px||||false|false\u00a0\u00bb global_colors_info=\u00a0\u00bb{}\u00a0\u00bb][et_pb_column type=\u00a0\u00bb4_4&Prime; _builder_version=\u00a0\u00bb4.27.4&Prime; _module_preset=\u00a0\u00bbdefault\u00a0\u00bb global_colors_info=\u00a0\u00bb{}\u00a0\u00bb][et_pb_text admin_label=\u00a0\u00bbH2 &#8211; 35+ Years of Proven Urban Infrastructure Expertise\u00a0\u00bb module_class=\u00a0\u00bbpro-header-with-background\u00a0\u00bb _builder_version=\u00a0\u00bb4.27.6&Prime; _module_preset=\u00a0\u00bbdefault\u00a0\u00bb background_enable_color=\u00a0\u00bboff\u00a0\u00bb background_layout=\u00a0\u00bbdark\u00a0\u00bb global_colors_info=\u00a0\u00bb{}\u00a0\u00bb]<\/p>\n<h2>Plus de 35 ans d\u2019expertise reconnue<\/h2>\n<p>[\/et_pb_text][\/et_pb_column][\/et_pb_row][et_pb_row column_structure=\u00a0\u00bb2_5,3_5&Prime; _builder_version=\u00a0\u00bb4.27.4&Prime; _module_preset=\u00a0\u00bbdefault\u00a0\u00bb global_colors_info=\u00a0\u00bb{}\u00a0\u00bb][et_pb_column type=\u00a0\u00bb2_5&Prime; _builder_version=\u00a0\u00bb4.27.4&Prime; _module_preset=\u00a0\u00bbdefault\u00a0\u00bb global_colors_info=\u00a0\u00bb{}\u00a0\u00bb][et_pb_text admin_label=\u00a0\u00bbText : For more than three decades&#8230;\u00a0\u00bb _builder_version=\u00a0\u00bb4.27.6&Prime; _module_preset=\u00a0\u00bbdefault\u00a0\u00bb global_colors_info=\u00a0\u00bb{}\u00a0\u00bb]<\/p>\n<p>Depuis plus de trois d\u00e9cennies, Enseicom con\u00e7oit et fabrique des solutions d\u2019infrastructure durables destin\u00e9es aux r\u00e9seaux de transport en commun, aux municipalit\u00e9s et aux espaces publics.<\/p>\n<p>[\/et_pb_text][\/et_pb_column][et_pb_column type=\u00a0\u00bb3_5&Prime; _builder_version=\u00a0\u00bb4.27.4&Prime; _module_preset=\u00a0\u00bbdefault\u00a0\u00bb global_colors_info=\u00a0\u00bb{}\u00a0\u00bb][et_pb_text admin_label=\u00a0\u00bbText : Our expertise includes&#8230;\u00a0\u00bb _builder_version=\u00a0\u00bb4.27.6&Prime; _module_preset=\u00a0\u00bbdefault\u00a0\u00bb global_colors_info=\u00a0\u00bb{}\u00a0\u00bb]<\/p>\n<p data-start=\"1590\" data-end=\"1766\">Notre expertise comprend les abris, le mobilier urbain et les structures publicitaires con\u00e7us pour r\u00e9pondre aux exigences op\u00e9rationnelles, architecturales et durables des projets urbains modernes.<\/p>\n<p data-start=\"1768\" data-end=\"1967\">Des r\u00e9seaux de train l\u00e9ger et de transport rapide par autobus jusqu\u2019\u00e0 la revitalisation d\u2019espaces publics et aux d\u00e9veloppements commerciaux, nous prenons en charge les projets de la conception \u00e0 l\u2019installation, avec un souci constant de qualit\u00e9, de respect des \u00e9ch\u00e9anciers et de performance adapt\u00e9e au site.<\/p>\n<p>[\/et_pb_text][\/et_pb_column][\/et_pb_row][\/et_pb_section][et_pb_section fb_built=\u00a0\u00bb1&Prime; admin_label=\u00a0\u00bbSection &#8211; Footer\u00a0\u00bb _builder_version=\u00a0\u00bb4.27.4&Prime; _module_preset=\u00a0\u00bbdefault\u00a0\u00bb background_color=\u00a0\u00bb#474747&Prime; custom_padding=\u00a0\u00bb0px||0px||true|false\u00a0\u00bb global_module=\u00a0\u00bb237&Prime; saved_tabs=\u00a0\u00bball\u00a0\u00bb global_colors_info=\u00a0\u00bb{}\u00a0\u00bb][et_pb_row column_structure=\u00a0\u00bb1_4,3_4&Prime; _builder_version=\u00a0\u00bb4.27.4&Prime; _module_preset=\u00a0\u00bbdefault\u00a0\u00bb global_colors_info=\u00a0\u00bb{}\u00a0\u00bb][et_pb_column type=\u00a0\u00bb1_4&Prime; _builder_version=\u00a0\u00bb4.27.4&Prime; _module_preset=\u00a0\u00bbdefault\u00a0\u00bb global_colors_info=\u00a0\u00bb{}\u00a0\u00bb][et_pb_image src=\u00a0\u00bbhttps:\/\/www.enseicom.com\/wp-content\/uploads\/2026\/03\/logo_white-cropped.svg\u00a0\u00bb title_text=\u00a0\u00bblogo_white-cropped\u00a0\u00bb admin_label=\u00a0\u00bbLogo\u00a0\u00bb _builder_version=\u00a0\u00bb4.27.4&Prime; _module_preset=\u00a0\u00bbdefault\u00a0\u00bb global_colors_info=\u00a0\u00bb{}\u00a0\u00bb][\/et_pb_image][et_pb_text admin_label=\u00a0\u00bbAddress\u00a0\u00bb _builder_version=\u00a0\u00bb4.27.4&Prime; _module_preset=\u00a0\u00bbdefault\u00a0\u00bb background_layout=\u00a0\u00bbdark\u00a0\u00bb global_colors_info=\u00a0\u00bb{}\u00a0\u00bb]225 Rue Norman<br \/>Montr\u00e9al, QC, Canada<br \/>H8R 1A3[\/et_pb_text][\/et_pb_column][et_pb_column type=\u00a0\u00bb3_4&Prime; _builder_version=\u00a0\u00bb4.27.4&Prime; _module_preset=\u00a0\u00bbdefault\u00a0\u00bb global_colors_info=\u00a0\u00bb{}\u00a0\u00bb][et_pb_text admin_label=\u00a0\u00bbPhone and email\u00a0\u00bb _builder_version=\u00a0\u00bb4.27.4&Prime; _module_preset=\u00a0\u00bbdefault\u00a0\u00bb background_layout=\u00a0\u00bbdark\u00a0\u00bb global_colors_info=\u00a0\u00bb{}\u00a0\u00bb]Sans frais : 800 663-067<br \/>T\u00e9l\u00e9phone : +1 514 486-2626<br \/>info@enseicom.com[\/et_pb_text][et_pb_divider color=\u00a0\u00bb#FFFFFF\u00a0\u00bb admin_label=\u00a0\u00bbDivider\u00a0\u00bb _builder_version=\u00a0\u00bb4.27.4&Prime; _module_preset=\u00a0\u00bbdefault\u00a0\u00bb height=\u00a0\u00bb1px\u00a0\u00bb global_colors_info=\u00a0\u00bb{}\u00a0\u00bb][\/et_pb_divider][et_pb_text admin_label=\u00a0\u00bbCopyright\u00a0\u00bb _builder_version=\u00a0\u00bb4.27.4&Prime; _module_preset=\u00a0\u00bbdefault\u00a0\u00bb text_font_size=\u00a0\u00bb12px\u00a0\u00bb background_layout=\u00a0\u00bbdark\u00a0\u00bb global_colors_info=\u00a0\u00bb{}\u00a0\u00bb]\u00a9 enseicom Inc. Tous droits r\u00e9serv\u00e9s | Politique de confidentialit\u00e9[\/et_pb_text][\/et_pb_column][\/et_pb_row][\/et_pb_section]<\/p>\n","protected":false},"excerpt":{"rendered":"<p>Abris, mobilier urbain et signalisation pour les espaces publics modernesDes infrastructures urbaines sur mesure con\u00e7ues pour offrir durabilit\u00e9,fonctionnalit\u00e9 et int\u00e9gration harmonieuse aux environnements detransport en commun, municipaux et commerciaux.<div class=\"et_pb_module dsm_card dsm_card_0 et_animated et_pb_bg_layout_light  dsm_card_layout_stacked\">\n\t\t\t\t\n\t\t\t\t\n\t\t\t\t\n\t\t\t\t\n\t\t\t\t\n\t\t\t\t\n\t\t\t\t<div class=\"et_pb_module_inner\">\n\t\t\t\t\t\n\t\t\t\n\t\t\t<figure class=\"dsm_card_image_wrapper dsm_card_badge_top_right\"><div class=\"dsm_card_image_background dsm_card_img\"><\/div><\/figure>\n\t\t\t<div class=\"et_pb_module dsm_card_wrapper et_pb_text_align_center\">\n\t\t\t\t\t\n\t\t\t\t\t<h4 class=\"dsm_card_title et_pb_module_header\">Abris et structures<\/h4>\n\t\t\t\t\t\n\t\t\t\t\t<div class=\"dsm_card_description\">Abris sur mesure et structures de protection con\u00e7us pour les r\u00e9seaux de transport en commun, le stationnement pour v\u00e9los, les zones pi\u00e9tonnes et les espaces publics.<\/div>\n\t\t\t\t\t<div class=\"et_pb_button_wrapper\"><a class=\"et_pb_button et_pb_more_button \" href=\"\">D\u00e9couvrir les abris<\/a><\/div>\n\t\t\t\t<\/div>\n\t\t\t\n\t\t\t\t<\/div>\n\t\t\t<\/div><div class=\"et_pb_module dsm_card dsm_card_1 et_animated et_pb_bg_layout_light  dsm_card_layout_stacked\">\n\t\t\t\t\n\t\t\t\t\n\t\t\t\t\n\t\t\t\t\n\t\t\t\t\n\t\t\t\t\n\t\t\t\t<div class=\"et_pb_module_inner\">\n\t\t\t\t\t\n\t\t\t\n\t\t\t<figure class=\"dsm_card_image_wrapper dsm_card_badge_top_right\"><div class=\"dsm_card_image_background dsm_card_img\"><\/div><\/figure>\n\t\t\t<div class=\"et_pb_module dsm_card_wrapper et_pb_text_align_center\">\n\t\t\t\t\t\n\t\t\t\t\t<h4 class=\"dsm_card_title et_pb_module_header\">Mobilier urbain<\/h4>\n\t\t\t\t\t\n\t\t\t\t\t<div class=\"dsm_card_description\">Bancs, supports \u00e0 v\u00e9los, contenants \u00e0 d\u00e9chets et \u00e9quipements urbains con\u00e7us pour le confort, la durabilit\u00e9 et l\u2019usage quotidien dans les espaces publics.<\/div>\n\t\t\t\t\t<div class=\"et_pb_button_wrapper\"><a class=\"et_pb_button et_pb_more_button \" href=\"\">D\u00e9couvrir le mobilier<\/a><\/div>\n\t\t\t\t<\/div>\n\t\t\t\n\t\t\t\t<\/div>\n\t\t\t<\/div><div class=\"et_pb_module dsm_card dsm_card_2 et_animated et_pb_bg_layout_light  dsm_card_layout_stacked\">\n\t\t\t\t\n\t\t\t\t\n\t\t\t\t\n\t\t\t\t\n\t\t\t\t\n\t\t\t\t\n\t\t\t\t<div class=\"et_pb_module_inner\">\n\t\t\t\t\t\n\t\t\t\n\t\t\t<figure class=\"dsm_card_image_wrapper dsm_card_badge_top_right\"><div class=\"dsm_card_image_background dsm_card_img\"><\/div><\/figure>\n\t\t\t<div class=\"et_pb_module dsm_card_wrapper et_pb_text_align_center\">\n\t\t\t\t\t\n\t\t\t\t\t<h4 class=\"dsm_card_title et_pb_module_header\">Affichage et signalisation<\/h4>\n\t\t\t\t\t\n\t\t\t\t\t<div class=\"dsm_card_description\">Panneaux d\u2019affichage, syst\u00e8mes de pr\u00e9sentation, colonnes publicitaires et signalisation sur mesure con\u00e7us pour la visibilit\u00e9, l\u2019image de marque et la communication publique.<\/div>\n\t\t\t\t\t<div class=\"et_pb_button_wrapper\"><a class=\"et_pb_button et_pb_more_button \" href=\"\">D\u00e9couvrir l\u2019affichage<\/a><\/div>\n\t\t\t\t<\/div>\n\t\t\t\n\t\t\t\t<\/div>\n\t\t\t<\/div>Plus de 35 ans d\u2019expertise reconnueDepuis plus de trois d\u00e9cennies, Enseicom con\u00e7oit et fabrique des solutions d\u2019infrastructure durables destin\u00e9es aux r\u00e9seaux de transport en commun, aux municipalit\u00e9s et aux espaces publics.Notre expertise comprend les abris, le mobilier urbain et les structures [&hellip;]<\/p>\n","protected":false},"author":1,"featured_media":664,"parent":0,"menu_order":0,"comment_status":"closed","ping_status":"open","template":"","meta":{"_et_pb_use_builder":"on","_et_pb_old_content":"","_et_gb_content_width":"","footnotes":""},"class_list":["post-665","page","type-page","status-publish","has-post-thumbnail","hentry"],"yoast_head":"<!-- This site is optimized with the Yoast SEO plugin v27.5 - https:\/\/yoast.com\/product\/yoast-seo-wordpress\/ -->\n<title>Abris urbains, mobilier urbain et signalisation | Enseicom<\/title>\n<meta name=\"description\" content=\"Enseicom con\u00e7oit et fabrique des abris, du mobilier urbain et des solutions de signalisation pour les municipalit\u00e9s et espaces publics.\" \/>\n<meta name=\"robots\" content=\"index, follow, max-snippet:-1, max-image-preview:large, max-video-preview:-1\" \/>\n<link rel=\"canonical\" href=\"https:\/\/www.enseicom.com\/fr\/\" \/>\n<meta property=\"og:locale\" content=\"fr_CA\" \/>\n<meta property=\"og:type\" content=\"article\" \/>\n<meta property=\"og:title\" content=\"Abris urbains, mobilier urbain et signalisation | Enseicom\" \/>\n<meta property=\"og:description\" content=\"Enseicom con\u00e7oit et fabrique des abris, du mobilier urbain et des solutions de signalisation pour les municipalit\u00e9s et espaces publics.\" \/>\n<meta property=\"og:url\" content=\"https:\/\/www.enseicom.com\/fr\/\" \/>\n<meta property=\"og:site_name\" content=\"Enseicom\" \/>\n<meta property=\"article:modified_time\" content=\"2026-05-01T14:39:55+00:00\" \/>\n<meta property=\"og:image\" content=\"https:\/\/www.enseicom.com\/wp-content\/uploads\/2026\/03\/Home-Banner_Enseicom.jpg\" \/>\n\t<meta property=\"og:image:width\" content=\"1920\" \/>\n\t<meta property=\"og:image:height\" content=\"800\" \/>\n\t<meta property=\"og:image:type\" content=\"image\/jpeg\" \/>\n<!-- \/ Yoast SEO plugin. -->","yoast_head_json":{"title":"Abris urbains, mobilier urbain et signalisation | Enseicom","description":"Enseicom con\u00e7oit et fabrique des abris, du mobilier urbain et des solutions de signalisation pour les municipalit\u00e9s et espaces publics.","robots":{"index":"index","follow":"follow","max-snippet":"max-snippet:-1","max-image-preview":"max-image-preview:large","max-video-preview":"max-video-preview:-1"},"canonical":"https:\/\/www.enseicom.com\/fr\/","og_locale":"fr_CA","og_type":"article","og_title":"Abris urbains, mobilier urbain et signalisation | Enseicom","og_description":"Enseicom con\u00e7oit et fabrique des abris, du mobilier urbain et des solutions de signalisation pour les municipalit\u00e9s et espaces publics.","og_url":"https:\/\/www.enseicom.com\/fr\/","og_site_name":"Enseicom","article_modified_time":"2026-05-01T14:39:55+00:00","og_image":[{"width":1920,"height":800,"url":"https:\/\/www.enseicom.com\/wp-content\/uploads\/2026\/03\/Home-Banner_Enseicom.jpg","type":"image\/jpeg"}],"schema":{"@context":"https:\/\/schema.org","@graph":[{"@type":"WebPage","@id":"https:\/\/www.enseicom.com\/fr\/","url":"https:\/\/www.enseicom.com\/fr\/","name":"Abris urbains, mobilier urbain et signalisation | Enseicom","isPartOf":{"@id":"https:\/\/www.enseicom.com\/fr\/#website"},"primaryImageOfPage":{"@id":"https:\/\/www.enseicom.com\/fr\/#primaryimage"},"image":{"@id":"https:\/\/www.enseicom.com\/fr\/#primaryimage"},"thumbnailUrl":"https:\/\/www.enseicom.com\/wp-content\/uploads\/2026\/03\/Home-Banner_Enseicom.jpg","datePublished":"2026-03-18T19:27:13+00:00","dateModified":"2026-05-01T14:39:55+00:00","description":"Enseicom con\u00e7oit et fabrique des abris, du mobilier urbain et des solutions de signalisation pour les municipalit\u00e9s et espaces publics.","breadcrumb":{"@id":"https:\/\/www.enseicom.com\/fr\/#breadcrumb"},"inLanguage":"fr-CA","potentialAction":[{"@type":"ReadAction","target":["https:\/\/www.enseicom.com\/fr\/"]}]},{"@type":"ImageObject","inLanguage":"fr-CA","@id":"https:\/\/www.enseicom.com\/fr\/#primaryimage","url":"https:\/\/www.enseicom.com\/wp-content\/uploads\/2026\/03\/Home-Banner_Enseicom.jpg","contentUrl":"https:\/\/www.enseicom.com\/wp-content\/uploads\/2026\/03\/Home-Banner_Enseicom.jpg","width":1920,"height":800},{"@type":"BreadcrumbList","@id":"https:\/\/www.enseicom.com\/fr\/#breadcrumb","itemListElement":[{"@type":"ListItem","position":1,"name":"Accueil","item":"https:\/\/www.enseicom.com\/fr\/"},{"@type":"ListItem","position":2,"name":"Abris urbains, mobilier urbain et signalisation | Enseicom"}]},{"@type":"WebSite","@id":"https:\/\/www.enseicom.com\/fr\/#website","url":"https:\/\/www.enseicom.com\/fr\/","name":"Enseicom","description":"","publisher":{"@id":"https:\/\/www.enseicom.com\/fr\/#organization"},"potentialAction":[{"@type":"SearchAction","target":{"@type":"EntryPoint","urlTemplate":"https:\/\/www.enseicom.com\/fr\/?s={search_term_string}"},"query-input":{"@type":"PropertyValueSpecification","valueRequired":true,"valueName":"search_term_string"}}],"inLanguage":"fr-CA"},{"@type":"Organization","@id":"https:\/\/www.enseicom.com\/fr\/#organization","name":"Enseicom","url":"https:\/\/www.enseicom.com\/fr\/","logo":{"@type":"ImageObject","inLanguage":"fr-CA","@id":"https:\/\/www.enseicom.com\/fr\/#\/schema\/logo\/image\/","url":"https:\/\/www.enseicom.com\/wp-content\/uploads\/2026\/03\/Logo_k.svg","contentUrl":"https:\/\/www.enseicom.com\/wp-content\/uploads\/2026\/03\/Logo_k.svg","width":252,"height":36,"caption":"Enseicom"},"image":{"@id":"https:\/\/www.enseicom.com\/fr\/#\/schema\/logo\/image\/"}}]}},"_links":{"self":[{"href":"https:\/\/www.enseicom.com\/fr\/wp-json\/wp\/v2\/pages\/665","targetHints":{"allow":["GET"]}}],"collection":[{"href":"https:\/\/www.enseicom.com\/fr\/wp-json\/wp\/v2\/pages"}],"about":[{"href":"https:\/\/www.enseicom.com\/fr\/wp-json\/wp\/v2\/types\/page"}],"author":[{"embeddable":true,"href":"https:\/\/www.enseicom.com\/fr\/wp-json\/wp\/v2\/users\/1"}],"replies":[{"embeddable":true,"href":"https:\/\/www.enseicom.com\/fr\/wp-json\/wp\/v2\/comments?post=665"}],"version-history":[{"count":9,"href":"https:\/\/www.enseicom.com\/fr\/wp-json\/wp\/v2\/pages\/665\/revisions"}],"predecessor-version":[{"id":1730,"href":"https:\/\/www.enseicom.com\/fr\/wp-json\/wp\/v2\/pages\/665\/revisions\/1730"}],"wp:featuredmedia":[{"embeddable":true,"href":"https:\/\/www.enseicom.com\/fr\/wp-json\/wp\/v2\/media\/664"}],"wp:attachment":[{"href":"https:\/\/www.enseicom.com\/fr\/wp-json\/wp\/v2\/media?parent=665"}],"curies":[{"name":"wp","href":"https:\/\/api.w.org\/{rel}","templated":true}]}}