{"id":1768,"date":"2026-03-18T15:27:13","date_gmt":"2026-03-18T19:27:13","guid":{"rendered":"https:\/\/www.enseicom.com\/politique-de-confidentialite\/"},"modified":"2026-05-07T11:39:53","modified_gmt":"2026-05-07T15:39:53","slug":"politique-de-confidentialite","status":"publish","type":"page","link":"https:\/\/www.enseicom.com\/fr\/politique-de-confidentialite\/","title":{"rendered":"Politique de confidentialit\u00e9"},"content":{"rendered":"<p>[et_pb_section fb_built=\u00a0\u00bb1&Prime; _builder_version=\u00a0\u00bb4.27.6&Prime; _module_preset=\u00a0\u00bbdefault\u00a0\u00bb global_colors_info=\u00a0\u00bb{}\u00a0\u00bb][et_pb_row _builder_version=\u00a0\u00bb4.27.6&Prime; _module_preset=\u00a0\u00bbdefault\u00a0\u00bb global_colors_info=\u00a0\u00bb{}\u00a0\u00bb][et_pb_column type=\u00a0\u00bb4_4&Prime; _builder_version=\u00a0\u00bb4.27.6&Prime; _module_preset=\u00a0\u00bbdefault\u00a0\u00bb global_colors_info=\u00a0\u00bb{}\u00a0\u00bb][et_pb_post_title meta=\u00a0\u00bboff\u00a0\u00bb featured_image=\u00a0\u00bboff\u00a0\u00bb _builder_version=\u00a0\u00bb4.27.6&Prime; _module_preset=\u00a0\u00bbdefault\u00a0\u00bb global_colors_info=\u00a0\u00bb{}\u00a0\u00bb][\/et_pb_post_title][et_pb_text _builder_version=\u00a0\u00bb4.27.6&Prime; _module_preset=\u00a0\u00bbdefault\u00a0\u00bb global_colors_info=\u00a0\u00bb{}\u00a0\u00bb]<\/p>\n<p>Enseicom Inc. | 225 Rue Norman, Montr\u00e9al, QC, Canada H8R 1A3 <\/p>\n<p>Date d&rsquo;entr\u00e9e en vigueur : mai 2026 | Derni\u00e8re mise \u00e0 jour : mai 2026<\/p>\n<p>Enseicom Inc. (\u00ab Enseicom \u00bb, \u00ab nous \u00bb ou \u00ab notre \u00bb) s\u2019engage \u00e0 prot\u00e9ger la vie priv\u00e9e des personnes qui visitent notre site Web \u00e0 l\u2019adresse www.enseicom.com ou qui communiquent avec nous dans le cadre de nos activit\u00e9s. La pr\u00e9sente Politique de confidentialit\u00e9 explique comment nous recueillons, utilisons, divulguons et prot\u00e9geons vos renseignements personnels conform\u00e9ment \u00e0 la Loi sur la protection des renseignements personnels dans le secteur priv\u00e9 du Qu\u00e9bec (Loi 25) et, le cas \u00e9ch\u00e9ant, au R\u00e8glement g\u00e9n\u00e9ral sur la protection des donn\u00e9es (RGPD) pour les personnes situ\u00e9es dans l\u2019Espace \u00e9conomique europ\u00e9en. <\/p>\n<h2>1. Qui sommes-nous<\/h2>\n<p>Enseicom Inc. est un fabricant canadien d&rsquo;abris urbains, de mobilier urbain et de structures publicitaires, dont le si\u00e8ge social est situ\u00e9 \u00e0 Montr\u00e9al, au Qu\u00e9bec, Canada. Pour toute question relative \u00e0 la protection de vos renseignements personnels, vous pouvez nous joindre aux coordonn\u00e9es suivantes : <\/p>\n<ul>\n<li>Courriel : info@enseicom.com<\/li>\n<li>T\u00e9l\u00e9phone : +1 514 486-2626 | Sans frais : 1 800 663-0673<\/li>\n<li>Adresse : 225 Rue Norman, Montr\u00e9al, QC, Canada H8R 1A3<\/li>\n<\/ul>\n<h2>2. Renseignements que nous recueillons<\/h2>\n<p>Nous recueillons des renseignements personnels uniquement lorsque cela est n\u00e9cessaire et par des moyens l\u00e9gaux. Les types de renseignements que nous pouvons recueillir comprennent : <\/p>\n<ul>\n<li>Coordonn\u00e9es : nom, nom de l&rsquo;entreprise, adresse courriel professionnelle et num\u00e9ro de t\u00e9l\u00e9phone (soumis via notre formulaire de contact).<\/li>\n<li>Donn\u00e9es d&rsquo;utilisation : adresse IP, type de navigateur, pages visit\u00e9es et temps pass\u00e9 sur notre site Web, collect\u00e9s automatiquement via des outils d&rsquo;analyse.<\/li>\n<li>Communications : messages et demandes que vous nous envoyez par le biais du formulaire de contact ou par courriel.<\/li>\n<\/ul>\n<h2>3. Utilisation de vos renseignements<\/h2>\n<p>Nous utilisons les renseignements personnels recueillis aux fins suivantes :<\/p>\n<ul>\n<li>R\u00e9pondre \u00e0 vos demandes et vous fournir des soumissions ou des informations sur nos projets.<\/li>\n<li>G\u00e9rer et am\u00e9liorer notre site Web et l&rsquo;exp\u00e9rience des utilisateurs.<\/li>\n<li>Analyser le trafic du site Web \u00e0 l&rsquo;aide de donn\u00e9es analytiques anonymis\u00e9es.<\/li>\n<li>Respecter nos obligations l\u00e9gales.<\/li>\n<\/ul>\n<p>Nous ne vendons, ne louons ni ne partageons vos renseignements personnels avec des tiers \u00e0 des fins de marketing.<\/p>\n<h2>4. Base juridique du traitement (RGPD)<\/h2>\n<p>Pour les personnes situ\u00e9es dans l&rsquo;Espace \u00e9conomique europ\u00e9en, la base juridique sur laquelle nous appuyons le traitement de vos renseignements personnels est la suivante :<\/p>\n<ul>\n<li>Int\u00e9r\u00eat l\u00e9gitime : pour r\u00e9pondre aux demandes d&rsquo;affaires et am\u00e9liorer nos services.<\/li>\n<li>Consentement : lorsque vous avez fourni un consentement explicite (p. ex., en soumettant notre formulaire de contact).<\/li>\n<li>Obligation l\u00e9gale : lorsque le traitement est requis pour respecter une loi applicable.<\/li>\n<\/ul>\n<h2>5. T\u00e9moins de connexion (cookies) et analytique<\/h2>\n<p>Notre site Web peut utiliser des t\u00e9moins de connexion (cookies) et des technologies de suivi similaires pour am\u00e9liorer votre exp\u00e9rience de navigation et recueillir des donn\u00e9es d&rsquo;utilisation anonymis\u00e9es. Vous pouvez configurer votre navigateur pour refuser les cookies; cependant, certaines fonctionnalit\u00e9s du site Web pourraient ne pas fonctionner correctement. <\/p>\n<p>Nous utilisons Google Analytics pour comprendre le trafic sur notre site Web. Ce service peut transf\u00e9rer des donn\u00e9es \u00e0 l&rsquo;ext\u00e9rieur du Canada. Vous pouvez vous d\u00e9sabonner du suivi de Google Analytics en utilisant le module compl\u00e9mentaire de navigateur de d\u00e9sactivation de Google Analytics.  <\/p>\n<h2>6. Conservation des renseignements<\/h2>\n<p>Nous conservons les renseignements personnels uniquement aussi longtemps que n\u00e9cessaire pour atteindre les fins pour lesquelles ils ont \u00e9t\u00e9 recueillis, ou tel que requis par la loi. Les soumissions par formulaire de contact sont conserv\u00e9es pendant un maximum de 24 mois, sauf si une relation d&rsquo;affaires est \u00e9tablie. <\/p>\n<h2>7. Communication de renseignements<\/h2>\n<p>Nous ne divulguons pas vos renseignements personnels \u00e0 des tiers, sauf dans les circonstances suivantes :<\/p>\n<ul>\n<li>Fournisseurs de services qui nous aident \u00e0 exploiter notre site Web ou \u00e0 mener nos activit\u00e9s (p. ex., h\u00e9bergement, services de courriel), sous r\u00e9serve d&rsquo;ententes de confidentialit\u00e9.<\/li>\n<li>Autorit\u00e9s l\u00e9gales, si cela est requis pour respecter une obligation l\u00e9gale ou une ordonnance du tribunal.<\/li>\n<li>Une entit\u00e9 successeur, dans le cas d&rsquo;une fusion, d&rsquo;une acquisition ou d&rsquo;une vente d&rsquo;actifs.<\/li>\n<\/ul>\n<h2>8. Transferts internationaux<\/h2>\n<p>\u00c9tant donn\u00e9 qu&rsquo;Enseicom sert des clients au Canada et potentiellement \u00e0 l&rsquo;international, vos renseignements pourraient \u00eatre trait\u00e9s ou stock\u00e9s \u00e0 l&rsquo;ext\u00e9rieur de votre pays de r\u00e9sidence. Le cas \u00e9ch\u00e9ant, nous nous assurons que des garanties appropri\u00e9es sont en place (telles que des clauses contractuelles types pour les transferts hors de l&rsquo;EEE). <\/p>\n<h2>9. Vos droits<\/h2>\n<p>Selon votre lieu de r\u00e9sidence, vous pouvez disposer des droits suivants concernant vos renseignements personnels :<\/p>\n<ul>\n<li>Droit d&rsquo;acc\u00e8s : demander une copie des renseignements personnels que nous d\u00e9tenons \u00e0 votre sujet.<\/li>\n<li>Droit de rectification : demander la correction de renseignements inexacts ou incomplets.<\/li>\n<li>Droit \u00e0 l&rsquo;effacement : demander la suppression de vos renseignements personnels, sous r\u00e9serve des exigences l\u00e9gales de conservation.<\/li>\n<li>Droit de retirer votre consentement : lorsque le traitement est fond\u00e9 sur le consentement, vous pouvez le retirer en tout temps.<\/li>\n<li>Droit de d\u00e9poser une plainte : vous pouvez contacter la Commission d&rsquo;acc\u00e8s \u00e0 l&rsquo;information (CAI) du Qu\u00e9bec, ou votre autorit\u00e9 locale de protection des donn\u00e9es si vous \u00eates situ\u00e9 dans l&rsquo;EEE.<\/li>\n<\/ul>\n<p>Pour exercer vos droits, veuillez nous contacter \u00e0 info@enseicom.com.<\/p>\n<h2>10. S\u00e9curit\u00e9<\/h2>\n<p>Nous mettons en \u0153uvre des mesures techniques et organisationnelles appropri\u00e9es pour prot\u00e9ger vos renseignements personnels contre tout acc\u00e8s non autoris\u00e9, toute perte ou toute divulgation. Toutefois, aucune m\u00e9thode de transmission sur Internet n&rsquo;est totalement s\u00e9curis\u00e9e. <\/p>\n<h2>11. Modifications de la pr\u00e9sente politique<\/h2>\n<p>Nous pouvons mettre \u00e0 jour la pr\u00e9sente Politique de confidentialit\u00e9 de temps \u00e0 autre. La version mise \u00e0 jour sera publi\u00e9e sur cette page avec une date d&rsquo;entr\u00e9e en vigueur r\u00e9vis\u00e9e. Nous vous encourageons \u00e0 consulter cette politique p\u00e9riodiquement.  <\/p>\n<h2>12. Nous joindre<\/h2>\n<p>Pour toute question ou pr\u00e9occupation concernant la pr\u00e9sente Politique de confidentialit\u00e9 ou le traitement de vos renseignements personnels, veuillez nous contacter :<\/p>\n<ul>\n<li>Courriel : info@enseicom.com<\/li>\n<li>T\u00e9l\u00e9phone : +1 514 486-2626<\/li>\n<li>Adresse : 225 Rue Norman, Montr\u00e9al, QC, Canada H8R 1A3<\/li>\n<\/ul>\n<p>[\/et_pb_text][\/et_pb_column][\/et_pb_row][\/et_pb_section][et_pb_section fb_built=\u00a0\u00bb1&Prime; admin_label=\u00a0\u00bbSection &#8211; Footer\u00a0\u00bb _builder_version=\u00a0\u00bb4.27.4&Prime; _module_preset=\u00a0\u00bbdefault\u00a0\u00bb background_color=\u00a0\u00bb#474747&Prime; custom_padding=\u00a0\u00bb0px||0px||true|false\u00a0\u00bb saved_tabs=\u00a0\u00bball\u00a0\u00bb global_colors_info=\u00a0\u00bb{}\u00a0\u00bb global_module=\u00a0\u00bb237&Prime; theme_builder_area=\u00a0\u00bbpost_content\u00a0\u00bb][et_pb_row column_structure=\u00a0\u00bb1_4,3_4&Prime; _builder_version=\u00a0\u00bb4.27.4&Prime; _module_preset=\u00a0\u00bbdefault\u00a0\u00bb global_colors_info=\u00a0\u00bb{}\u00a0\u00bb theme_builder_area=\u00a0\u00bbpost_content\u00a0\u00bb][et_pb_column type=\u00a0\u00bb1_4&Prime; _builder_version=\u00a0\u00bb4.27.4&Prime; _module_preset=\u00a0\u00bbdefault\u00a0\u00bb global_colors_info=\u00a0\u00bb{}\u00a0\u00bb theme_builder_area=\u00a0\u00bbpost_content\u00a0\u00bb][et_pb_image src=\u00a0\u00bbhttps:\/\/www.enseicom.com\/wp-content\/uploads\/2026\/03\/logo_white-cropped.svg\u00a0\u00bb title_text=\u00a0\u00bblogo_white-cropped\u00a0\u00bb admin_label=\u00a0\u00bbLogo\u00a0\u00bb _builder_version=\u00a0\u00bb4.27.4&Prime; _module_preset=\u00a0\u00bbdefault\u00a0\u00bb global_colors_info=\u00a0\u00bb{}\u00a0\u00bb theme_builder_area=\u00a0\u00bbpost_content\u00a0\u00bb][\/et_pb_image][et_pb_text admin_label=\u00a0\u00bbAddress\u00a0\u00bb _builder_version=\u00a0\u00bb4.27.4&Prime; _module_preset=\u00a0\u00bbdefault\u00a0\u00bb background_layout=\u00a0\u00bbdark\u00a0\u00bb global_colors_info=\u00a0\u00bb{}\u00a0\u00bb theme_builder_area=\u00a0\u00bbpost_content\u00a0\u00bb]225 Rue Norman<br \/>Montr\u00e9al, QC, Canada<br \/>H8R 1A3[\/et_pb_text][\/et_pb_column][et_pb_column type=\u00a0\u00bb3_4&Prime; _builder_version=\u00a0\u00bb4.27.4&Prime; _module_preset=\u00a0\u00bbdefault\u00a0\u00bb global_colors_info=\u00a0\u00bb{}\u00a0\u00bb theme_builder_area=\u00a0\u00bbpost_content\u00a0\u00bb][et_pb_text admin_label=\u00a0\u00bbPhone and email\u00a0\u00bb _builder_version=\u00a0\u00bb4.27.4&Prime; _module_preset=\u00a0\u00bbdefault\u00a0\u00bb background_layout=\u00a0\u00bbdark\u00a0\u00bb global_colors_info=\u00a0\u00bb{}\u00a0\u00bb theme_builder_area=\u00a0\u00bbpost_content\u00a0\u00bb]Sans frais : 800 663-067<br \/>T\u00e9l\u00e9phone : +1 514 486-2626<br \/>info@enseicom.com[\/et_pb_text][et_pb_divider color=\u00a0\u00bb#FFFFFF\u00a0\u00bb admin_label=\u00a0\u00bbDivider\u00a0\u00bb _builder_version=\u00a0\u00bb4.27.4&Prime; _module_preset=\u00a0\u00bbdefault\u00a0\u00bb height=\u00a0\u00bb1px\u00a0\u00bb global_colors_info=\u00a0\u00bb{}\u00a0\u00bb theme_builder_area=\u00a0\u00bbpost_content\u00a0\u00bb][\/et_pb_divider][et_pb_text admin_label=\u00a0\u00bbCopyright\u00a0\u00bb _builder_version=\u00a0\u00bb4.27.6&Prime; _module_preset=\u00a0\u00bbdefault\u00a0\u00bb text_font_size=\u00a0\u00bb12px\u00a0\u00bb background_layout=\u00a0\u00bbdark\u00a0\u00bb hover_enabled=\u00a0\u00bb0&Prime; global_colors_info=\u00a0\u00bb{}\u00a0\u00bb theme_builder_area=\u00a0\u00bbpost_content\u00a0\u00bb sticky_enabled=\u00a0\u00bb0&Prime;]<\/p>\n<p>\u00a9 enseicom Inc. Tous droits r\u00e9serv\u00e9s | <a href=\"https:\/\/www.enseicom.com\/fr\/politique-de-confidentialite\/\">Politique de confidentialit\u00e9<\/a><\/p>\n<p>[\/et_pb_text][\/et_pb_column][\/et_pb_row][\/et_pb_section]<\/p>\n","protected":false},"excerpt":{"rendered":"<p>Enseicom Inc. | 225 Rue Norman, Montr\u00e9al, QC, Canada H8R 1A3 Date d&rsquo;entr\u00e9e en vigueur : mai 2026 | Derni\u00e8re mise \u00e0 jour : mai 2026 Enseicom Inc. (\u00ab Enseicom \u00bb, \u00ab nous \u00bb ou \u00ab notre \u00bb) s\u2019engage \u00e0 prot\u00e9ger la vie priv\u00e9e des personnes qui visitent notre site Web \u00e0 l\u2019adresse www.enseicom.com ou qui communiquent avec nous dans le cadre de nos activit\u00e9s. La pr\u00e9sente Politique de confidentialit\u00e9 explique comment nous recueillons, utilisons, divulguons et prot\u00e9geons vos renseignements personnels conform\u00e9ment \u00e0 la Loi sur la protection des renseignements personnels dans le secteur priv\u00e9 du Qu\u00e9bec (Loi 25) et, le cas \u00e9ch\u00e9ant, au R\u00e8glement g\u00e9n\u00e9ral sur la protection des donn\u00e9es (RGPD) pour les personnes situ\u00e9es dans l\u2019Espace \u00e9conomique europ\u00e9en. 1. Qui sommes-nous Enseicom Inc. est un fabricant canadien d&rsquo;abris urbains, de mobilier urbain et de structures publicitaires, dont le si\u00e8ge social est situ\u00e9 \u00e0 Montr\u00e9al, au Qu\u00e9bec, Canada. Pour toute question relative \u00e0 la protection de vos renseignements personnels, vous pouvez nous joindre aux coordonn\u00e9es suivantes : Courriel : info@enseicom.com T\u00e9l\u00e9phone : +1 514 486-2626 | Sans frais : 1 800 663-0673 Adresse : 225 Rue Norman, Montr\u00e9al, QC, Canada H8R 1A3 2. Renseignements que nous recueillons Nous recueillons [&hellip;]<\/p>\n","protected":false},"author":1,"featured_media":0,"parent":0,"menu_order":0,"comment_status":"closed","ping_status":"open","template":"","meta":{"_et_pb_use_builder":"on","_et_pb_old_content":"","_et_gb_content_width":"","footnotes":""},"class_list":["post-1768","page","type-page","status-publish","hentry"],"yoast_head":"<!-- This site is optimized with the Yoast SEO plugin v27.5 - https:\/\/yoast.com\/product\/yoast-seo-wordpress\/ -->\n<title>Politique de confidentialit\u00e9 - Enseicom<\/title>\n<meta name=\"robots\" content=\"index, follow, max-snippet:-1, max-image-preview:large, max-video-preview:-1\" \/>\n<link rel=\"canonical\" href=\"https:\/\/www.enseicom.com\/fr\/politique-de-confidentialite\/\" \/>\n<meta property=\"og:locale\" content=\"fr_CA\" \/>\n<meta property=\"og:type\" content=\"article\" \/>\n<meta property=\"og:title\" content=\"Politique de confidentialit\u00e9 - Enseicom\" \/>\n<meta property=\"og:description\" content=\"Enseicom Inc. | 225 Rue Norman, Montr\u00e9al, QC, Canada H8R 1A3 Date d&#039;entr\u00e9e en vigueur : mai 2026 | Derni\u00e8re mise \u00e0 jour : mai 2026 Enseicom Inc. (\u00ab Enseicom \u00bb, \u00ab nous \u00bb ou \u00ab notre \u00bb) s\u2019engage \u00e0 prot\u00e9ger la vie priv\u00e9e des personnes qui visitent notre site Web \u00e0 l\u2019adresse www.enseicom.com ou qui communiquent avec nous dans le cadre de nos activit\u00e9s. La pr\u00e9sente Politique de confidentialit\u00e9 explique comment nous recueillons, utilisons, divulguons et prot\u00e9geons vos renseignements personnels conform\u00e9ment \u00e0 la Loi sur la protection des renseignements personnels dans le secteur priv\u00e9 du Qu\u00e9bec (Loi 25) et, le cas \u00e9ch\u00e9ant, au R\u00e8glement g\u00e9n\u00e9ral sur la protection des donn\u00e9es (RGPD) pour les personnes situ\u00e9es dans l\u2019Espace \u00e9conomique europ\u00e9en. 1. Qui sommes-nous Enseicom Inc. est un fabricant canadien d&#039;abris urbains, de mobilier urbain et de structures publicitaires, dont le si\u00e8ge social est situ\u00e9 \u00e0 Montr\u00e9al, au Qu\u00e9bec, Canada. Pour toute question relative \u00e0 la protection de vos renseignements personnels, vous pouvez nous joindre aux coordonn\u00e9es suivantes : Courriel : info@enseicom.com T\u00e9l\u00e9phone : +1 514 486-2626 | Sans frais : 1 800 663-0673 Adresse : 225 Rue Norman, Montr\u00e9al, QC, Canada H8R 1A3 2. Renseignements que nous recueillons Nous recueillons [&hellip;]\" \/>\n<meta property=\"og:url\" content=\"https:\/\/www.enseicom.com\/fr\/politique-de-confidentialite\/\" \/>\n<meta property=\"og:site_name\" content=\"Enseicom\" \/>\n<meta property=\"article:modified_time\" content=\"2026-05-07T15:39:53+00:00\" \/>\n<!-- \/ Yoast SEO plugin. -->","yoast_head_json":{"title":"Politique de confidentialit\u00e9 - Enseicom","robots":{"index":"index","follow":"follow","max-snippet":"max-snippet:-1","max-image-preview":"max-image-preview:large","max-video-preview":"max-video-preview:-1"},"canonical":"https:\/\/www.enseicom.com\/fr\/politique-de-confidentialite\/","og_locale":"fr_CA","og_type":"article","og_title":"Politique de confidentialit\u00e9 - Enseicom","og_description":"Enseicom Inc. | 225 Rue Norman, Montr\u00e9al, QC, Canada H8R 1A3 Date d'entr\u00e9e en vigueur : mai 2026 | Derni\u00e8re mise \u00e0 jour : mai 2026 Enseicom Inc. (\u00ab Enseicom \u00bb, \u00ab nous \u00bb ou \u00ab notre \u00bb) s\u2019engage \u00e0 prot\u00e9ger la vie priv\u00e9e des personnes qui visitent notre site Web \u00e0 l\u2019adresse www.enseicom.com ou qui communiquent avec nous dans le cadre de nos activit\u00e9s. La pr\u00e9sente Politique de confidentialit\u00e9 explique comment nous recueillons, utilisons, divulguons et prot\u00e9geons vos renseignements personnels conform\u00e9ment \u00e0 la Loi sur la protection des renseignements personnels dans le secteur priv\u00e9 du Qu\u00e9bec (Loi 25) et, le cas \u00e9ch\u00e9ant, au R\u00e8glement g\u00e9n\u00e9ral sur la protection des donn\u00e9es (RGPD) pour les personnes situ\u00e9es dans l\u2019Espace \u00e9conomique europ\u00e9en. 1. Qui sommes-nous Enseicom Inc. est un fabricant canadien d'abris urbains, de mobilier urbain et de structures publicitaires, dont le si\u00e8ge social est situ\u00e9 \u00e0 Montr\u00e9al, au Qu\u00e9bec, Canada. Pour toute question relative \u00e0 la protection de vos renseignements personnels, vous pouvez nous joindre aux coordonn\u00e9es suivantes : Courriel : info@enseicom.com T\u00e9l\u00e9phone : +1 514 486-2626 | Sans frais : 1 800 663-0673 Adresse : 225 Rue Norman, Montr\u00e9al, QC, Canada H8R 1A3 2. Renseignements que nous recueillons Nous recueillons [&hellip;]","og_url":"https:\/\/www.enseicom.com\/fr\/politique-de-confidentialite\/","og_site_name":"Enseicom","article_modified_time":"2026-05-07T15:39:53+00:00","schema":{"@context":"https:\/\/schema.org","@graph":[{"@type":"WebPage","@id":"https:\/\/www.enseicom.com\/fr\/politique-de-confidentialite\/","url":"https:\/\/www.enseicom.com\/fr\/politique-de-confidentialite\/","name":"Politique de confidentialit\u00e9 - Enseicom","isPartOf":{"@id":"https:\/\/www.enseicom.com\/fr\/#website"},"datePublished":"2026-03-18T19:27:13+00:00","dateModified":"2026-05-07T15:39:53+00:00","breadcrumb":{"@id":"https:\/\/www.enseicom.com\/fr\/politique-de-confidentialite\/#breadcrumb"},"inLanguage":"fr-CA","potentialAction":[{"@type":"ReadAction","target":["https:\/\/www.enseicom.com\/fr\/politique-de-confidentialite\/"]}]},{"@type":"BreadcrumbList","@id":"https:\/\/www.enseicom.com\/fr\/politique-de-confidentialite\/#breadcrumb","itemListElement":[{"@type":"ListItem","position":1,"name":"Accueil","item":"https:\/\/www.enseicom.com\/fr\/"},{"@type":"ListItem","position":2,"name":"Politique de confidentialit\u00e9"}]},{"@type":"WebSite","@id":"https:\/\/www.enseicom.com\/fr\/#website","url":"https:\/\/www.enseicom.com\/fr\/","name":"Enseicom","description":"","publisher":{"@id":"https:\/\/www.enseicom.com\/fr\/#organization"},"potentialAction":[{"@type":"SearchAction","target":{"@type":"EntryPoint","urlTemplate":"https:\/\/www.enseicom.com\/fr\/?s={search_term_string}"},"query-input":{"@type":"PropertyValueSpecification","valueRequired":true,"valueName":"search_term_string"}}],"inLanguage":"fr-CA"},{"@type":"Organization","@id":"https:\/\/www.enseicom.com\/fr\/#organization","name":"Enseicom","url":"https:\/\/www.enseicom.com\/fr\/","logo":{"@type":"ImageObject","inLanguage":"fr-CA","@id":"https:\/\/www.enseicom.com\/fr\/#\/schema\/logo\/image\/","url":"https:\/\/www.enseicom.com\/wp-content\/uploads\/2026\/03\/Logo_k.svg","contentUrl":"https:\/\/www.enseicom.com\/wp-content\/uploads\/2026\/03\/Logo_k.svg","width":252,"height":36,"caption":"Enseicom"},"image":{"@id":"https:\/\/www.enseicom.com\/fr\/#\/schema\/logo\/image\/"}}]}},"_links":{"self":[{"href":"https:\/\/www.enseicom.com\/fr\/wp-json\/wp\/v2\/pages\/1768","targetHints":{"allow":["GET"]}}],"collection":[{"href":"https:\/\/www.enseicom.com\/fr\/wp-json\/wp\/v2\/pages"}],"about":[{"href":"https:\/\/www.enseicom.com\/fr\/wp-json\/wp\/v2\/types\/page"}],"author":[{"embeddable":true,"href":"https:\/\/www.enseicom.com\/fr\/wp-json\/wp\/v2\/users\/1"}],"replies":[{"embeddable":true,"href":"https:\/\/www.enseicom.com\/fr\/wp-json\/wp\/v2\/comments?post=1768"}],"version-history":[{"count":4,"href":"https:\/\/www.enseicom.com\/fr\/wp-json\/wp\/v2\/pages\/1768\/revisions"}],"predecessor-version":[{"id":1776,"href":"https:\/\/www.enseicom.com\/fr\/wp-json\/wp\/v2\/pages\/1768\/revisions\/1776"}],"wp:attachment":[{"href":"https:\/\/www.enseicom.com\/fr\/wp-json\/wp\/v2\/media?parent=1768"}],"curies":[{"name":"wp","href":"https:\/\/api.w.org\/{rel}","templated":true}]}}